{"id":849,"date":"2025-02-22T22:09:26","date_gmt":"2025-02-22T22:09:26","guid":{"rendered":"https:\/\/amjcmac.org\/?page_id=849"},"modified":"2025-03-07T02:47:46","modified_gmt":"2025-03-07T02:47:46","slug":"849-2","status":"publish","type":"page","link":"https:\/\/amjcmac.org\/?page_id=849","title":{"rendered":"constancias"},"content":{"rendered":"\t\t<div data-elementor-type=\"wp-page\" data-elementor-id=\"849\" class=\"elementor elementor-849\">\n\t\t\t\t<div class=\"elementor-element elementor-element-bf6c2ed e-flex e-con-boxed e-con e-parent\" data-id=\"bf6c2ed\" data-element_type=\"container\" data-settings=\"{&quot;content_width&quot;:&quot;boxed&quot;}\" data-core-v316-plus=\"true\">\n\t\t\t\t\t<div class=\"e-con-inner\">\n\t\t\t\t<div class=\"elementor-element elementor-element-14011ca elementor-button-success elementor-widget elementor-widget-button\" data-id=\"14011ca\" data-element_type=\"widget\" data-widget_type=\"button.default\">\n\t\t\t\t<div class=\"elementor-widget-container\">\n\t\t\t\t\t<div class=\"elementor-button-wrapper\">\n\t\t\t<a class=\"elementor-button elementor-button-link elementor-size-sm\" href=\"https:\/\/amjcmac.org\/constancias\/\">\n\t\t\t\t\t\t<span class=\"elementor-button-content-wrapper\">\n\t\t\t\t\t\t<span class=\"elementor-button-text\">SOCIOS<\/span>\n\t\t<\/span>\n\t\t\t\t\t<\/a>\n\t\t<\/div>\n\t\t\t\t<\/div>\n\t\t\t\t<\/div>\n\t\t\t\t<div class=\"elementor-element elementor-element-58becee elementor-widget elementor-widget-button\" data-id=\"58becee\" data-element_type=\"widget\" data-widget_type=\"button.default\">\n\t\t\t\t<div class=\"elementor-widget-container\">\n\t\t\t\t\t<div class=\"elementor-button-wrapper\">\n\t\t\t<a class=\"elementor-button elementor-button-link elementor-size-sm\" href=\"https:\/\/amjcmac.org\/constancias\/Adm\/\">\n\t\t\t\t\t\t<span class=\"elementor-button-content-wrapper\">\n\t\t\t\t\t\t<span class=\"elementor-button-text\">ADMINISTRACI\u00d3N<\/span>\n\t\t<\/span>\n\t\t\t\t\t<\/a>\n\t\t<\/div>\n\t\t\t\t<\/div>\n\t\t\t\t<\/div>\n\t\t\t\t\t<\/div>\n\t\t\t\t<\/div>\n\t\t\t\t<\/div>\n\t\t","protected":false},"excerpt":{"rendered":"<p>SOCIOS ADMINISTRACI\u00d3N<\/p>\n","protected":false},"author":1,"featured_media":0,"parent":0,"menu_order":0,"comment_status":"closed","ping_status":"closed","template":"","meta":{"_eb_attr":"","site-sidebar-layout":"default","site-content-layout":"","ast-site-content-layout":"","site-content-style":"default","site-sidebar-style":"default","ast-global-header-display":"","ast-banner-title-visibility":"","ast-main-header-display":"","ast-hfb-above-header-display":"","ast-hfb-below-header-display":"","ast-hfb-mobile-header-display":"","site-post-title":"","ast-breadcrumbs-content":"","ast-featured-img":"","footer-sml-layout":"","theme-transparent-header-meta":"","adv-header-id-meta":"","stick-header-meta":"","header-above-stick-meta":"","header-main-stick-meta":"","header-below-stick-meta":"","astra-migrate-meta-layouts":"","ast-page-background-enabled":"default","ast-page-background-meta":{"desktop":{"background-color":"var(--ast-global-color-4)","background-image":"","background-repeat":"repeat","background-position":"center center","background-size":"auto","background-attachment":"scroll","background-type":"","background-media":"","overlay-type":"","overlay-color":"","overlay-gradient":""},"tablet":{"background-color":"","background-image":"","background-repeat":"repeat","background-position":"center center","background-size":"auto","background-attachment":"scroll","background-type":"","background-media":"","overlay-type":"","overlay-color":"","overlay-gradient":""},"mobile":{"background-color":"","background-image":"","background-repeat":"repeat","background-position":"center center","background-size":"auto","background-attachment":"scroll","background-type":"","background-media":"","overlay-type":"","overlay-color":"","overlay-gradient":""}},"ast-content-background-meta":{"desktop":{"background-color":"var(--ast-global-color-5)","background-image":"","background-repeat":"repeat","background-position":"center center","background-size":"auto","background-attachment":"scroll","background-type":"","background-media":"","overlay-type":"","overlay-color":"","overlay-gradient":""},"tablet":{"background-color":"var(--ast-global-color-5)","background-image":"","background-repeat":"repeat","background-position":"center center","background-size":"auto","background-attachment":"scroll","background-type":"","background-media":"","overlay-type":"","overlay-color":"","overlay-gradient":""},"mobile":{"background-color":"var(--ast-global-color-5)","background-image":"","background-repeat":"repeat","background-position":"center center","background-size":"auto","background-attachment":"scroll","background-type":"","background-media":"","overlay-type":"","overlay-color":"","overlay-gradient":""}},"footnotes":""},"class_list":["post-849","page","type-page","status-publish","hentry"],"yoast_head":"<!-- This site is optimized with the Yoast SEO plugin v22.0 - https:\/\/yoast.com\/wordpress\/plugins\/seo\/ -->\n<title>constancias - ASOCIACI\u00d3N M\u00c9DICA DE JALISCO, COLEGIO M\u00c9DICO, A. C.<\/title>\n<meta name=\"robots\" content=\"index, follow, max-snippet:-1, max-image-preview:large, max-video-preview:-1\" \/>\n<link rel=\"canonical\" href=\"https:\/\/amjcmac.org\/?page_id=849\" \/>\n<meta property=\"og:locale\" content=\"es_MX\" \/>\n<meta property=\"og:type\" content=\"article\" \/>\n<meta property=\"og:title\" content=\"constancias - ASOCIACI\u00d3N M\u00c9DICA DE JALISCO, COLEGIO M\u00c9DICO, A. C.\" \/>\n<meta property=\"og:description\" content=\"SOCIOS ADMINISTRACI\u00d3N\" \/>\n<meta property=\"og:url\" content=\"https:\/\/amjcmac.org\/?page_id=849\" \/>\n<meta property=\"og:site_name\" content=\"ASOCIACI\u00d3N M\u00c9DICA DE JALISCO, COLEGIO M\u00c9DICO, A. C.\" \/>\n<meta property=\"article:modified_time\" content=\"2025-03-07T02:47:46+00:00\" \/>\n<meta name=\"twitter:card\" content=\"summary_large_image\" \/>\n<script type=\"application\/ld+json\" class=\"yoast-schema-graph\">{\"@context\":\"https:\/\/schema.org\",\"@graph\":[{\"@type\":\"WebPage\",\"@id\":\"https:\/\/amjcmac.org\/?page_id=849\",\"url\":\"https:\/\/amjcmac.org\/?page_id=849\",\"name\":\"constancias - ASOCIACI\u00d3N M\u00c9DICA DE JALISCO, COLEGIO M\u00c9DICO, A. C.\",\"isPartOf\":{\"@id\":\"https:\/\/amjcmac.org\/#website\"},\"datePublished\":\"2025-02-22T22:09:26+00:00\",\"dateModified\":\"2025-03-07T02:47:46+00:00\",\"breadcrumb\":{\"@id\":\"https:\/\/amjcmac.org\/?page_id=849#breadcrumb\"},\"inLanguage\":\"es\",\"potentialAction\":[{\"@type\":\"ReadAction\",\"target\":[\"https:\/\/amjcmac.org\/?page_id=849\"]}]},{\"@type\":\"BreadcrumbList\",\"@id\":\"https:\/\/amjcmac.org\/?page_id=849#breadcrumb\",\"itemListElement\":[{\"@type\":\"ListItem\",\"position\":1,\"name\":\"Home\",\"item\":\"https:\/\/amjcmac.org\/\"},{\"@type\":\"ListItem\",\"position\":2,\"name\":\"constancias\"}]},{\"@type\":\"WebSite\",\"@id\":\"https:\/\/amjcmac.org\/#website\",\"url\":\"https:\/\/amjcmac.org\/\",\"name\":\"ASOCIACI\u00d3N M\u00c9DICA DE JALISCO, COLEGIO M\u00c9DICO, A. C.\",\"description\":\"\",\"publisher\":{\"@id\":\"https:\/\/amjcmac.org\/#organization\"},\"potentialAction\":[{\"@type\":\"SearchAction\",\"target\":{\"@type\":\"EntryPoint\",\"urlTemplate\":\"https:\/\/amjcmac.org\/?s={search_term_string}\"},\"query-input\":\"required name=search_term_string\"}],\"inLanguage\":\"es\"},{\"@type\":\"Organization\",\"@id\":\"https:\/\/amjcmac.org\/#organization\",\"name\":\"ASOCIACI\u00d3N M\u00c9DICA DE JALISCO, COLEGIO M\u00c9DICO, A. C.\",\"url\":\"https:\/\/amjcmac.org\/\",\"logo\":{\"@type\":\"ImageObject\",\"inLanguage\":\"es\",\"@id\":\"https:\/\/amjcmac.org\/#\/schema\/logo\/image\/\",\"url\":\"https:\/\/amjcmac.org\/wp-content\/uploads\/2023\/10\/Logo-AMJ-1-e1699405036427.png\",\"contentUrl\":\"https:\/\/amjcmac.org\/wp-content\/uploads\/2023\/10\/Logo-AMJ-1-e1699405036427.png\",\"width\":120,\"height\":43,\"caption\":\"ASOCIACI\u00d3N M\u00c9DICA DE JALISCO, COLEGIO M\u00c9DICO, A. C.\"},\"image\":{\"@id\":\"https:\/\/amjcmac.org\/#\/schema\/logo\/image\/\"}}]}<\/script>\n<!-- \/ Yoast SEO plugin. -->","yoast_head_json":{"title":"constancias - ASOCIACI\u00d3N M\u00c9DICA DE JALISCO, COLEGIO M\u00c9DICO, A. C.","robots":{"index":"index","follow":"follow","max-snippet":"max-snippet:-1","max-image-preview":"max-image-preview:large","max-video-preview":"max-video-preview:-1"},"canonical":"https:\/\/amjcmac.org\/?page_id=849","og_locale":"es_MX","og_type":"article","og_title":"constancias - ASOCIACI\u00d3N M\u00c9DICA DE JALISCO, COLEGIO M\u00c9DICO, A. C.","og_description":"SOCIOS ADMINISTRACI\u00d3N","og_url":"https:\/\/amjcmac.org\/?page_id=849","og_site_name":"ASOCIACI\u00d3N M\u00c9DICA DE JALISCO, COLEGIO M\u00c9DICO, A. C.","article_modified_time":"2025-03-07T02:47:46+00:00","twitter_card":"summary_large_image","schema":{"@context":"https:\/\/schema.org","@graph":[{"@type":"WebPage","@id":"https:\/\/amjcmac.org\/?page_id=849","url":"https:\/\/amjcmac.org\/?page_id=849","name":"constancias - ASOCIACI\u00d3N M\u00c9DICA DE JALISCO, COLEGIO M\u00c9DICO, A. C.","isPartOf":{"@id":"https:\/\/amjcmac.org\/#website"},"datePublished":"2025-02-22T22:09:26+00:00","dateModified":"2025-03-07T02:47:46+00:00","breadcrumb":{"@id":"https:\/\/amjcmac.org\/?page_id=849#breadcrumb"},"inLanguage":"es","potentialAction":[{"@type":"ReadAction","target":["https:\/\/amjcmac.org\/?page_id=849"]}]},{"@type":"BreadcrumbList","@id":"https:\/\/amjcmac.org\/?page_id=849#breadcrumb","itemListElement":[{"@type":"ListItem","position":1,"name":"Home","item":"https:\/\/amjcmac.org\/"},{"@type":"ListItem","position":2,"name":"constancias"}]},{"@type":"WebSite","@id":"https:\/\/amjcmac.org\/#website","url":"https:\/\/amjcmac.org\/","name":"ASOCIACI\u00d3N M\u00c9DICA DE JALISCO, COLEGIO M\u00c9DICO, A. C.","description":"","publisher":{"@id":"https:\/\/amjcmac.org\/#organization"},"potentialAction":[{"@type":"SearchAction","target":{"@type":"EntryPoint","urlTemplate":"https:\/\/amjcmac.org\/?s={search_term_string}"},"query-input":"required name=search_term_string"}],"inLanguage":"es"},{"@type":"Organization","@id":"https:\/\/amjcmac.org\/#organization","name":"ASOCIACI\u00d3N M\u00c9DICA DE JALISCO, COLEGIO M\u00c9DICO, A. C.","url":"https:\/\/amjcmac.org\/","logo":{"@type":"ImageObject","inLanguage":"es","@id":"https:\/\/amjcmac.org\/#\/schema\/logo\/image\/","url":"https:\/\/amjcmac.org\/wp-content\/uploads\/2023\/10\/Logo-AMJ-1-e1699405036427.png","contentUrl":"https:\/\/amjcmac.org\/wp-content\/uploads\/2023\/10\/Logo-AMJ-1-e1699405036427.png","width":120,"height":43,"caption":"ASOCIACI\u00d3N M\u00c9DICA DE JALISCO, COLEGIO M\u00c9DICO, A. C."},"image":{"@id":"https:\/\/amjcmac.org\/#\/schema\/logo\/image\/"}}]}},"_links":{"self":[{"href":"https:\/\/amjcmac.org\/index.php?rest_route=\/wp\/v2\/pages\/849","targetHints":{"allow":["GET"]}}],"collection":[{"href":"https:\/\/amjcmac.org\/index.php?rest_route=\/wp\/v2\/pages"}],"about":[{"href":"https:\/\/amjcmac.org\/index.php?rest_route=\/wp\/v2\/types\/page"}],"author":[{"embeddable":true,"href":"https:\/\/amjcmac.org\/index.php?rest_route=\/wp\/v2\/users\/1"}],"replies":[{"embeddable":true,"href":"https:\/\/amjcmac.org\/index.php?rest_route=%2Fwp%2Fv2%2Fcomments&post=849"}],"version-history":[{"count":17,"href":"https:\/\/amjcmac.org\/index.php?rest_route=\/wp\/v2\/pages\/849\/revisions"}],"predecessor-version":[{"id":874,"href":"https:\/\/amjcmac.org\/index.php?rest_route=\/wp\/v2\/pages\/849\/revisions\/874"}],"wp:attachment":[{"href":"https:\/\/amjcmac.org\/index.php?rest_route=%2Fwp%2Fv2%2Fmedia&parent=849"}],"curies":[{"name":"wp","href":"https:\/\/api.w.org\/{rel}","templated":true}]}}