{"id":70,"date":"2023-11-08T00:28:54","date_gmt":"2023-11-08T00:28:54","guid":{"rendered":"https:\/\/amjcmac.org\/?page_id=70"},"modified":"2025-03-13T06:58:55","modified_gmt":"2025-03-13T06:58:55","slug":"mensaje","status":"publish","type":"page","link":"https:\/\/amjcmac.org\/?page_id=70","title":{"rendered":"Mensaje"},"content":{"rendered":"\t\t<div data-elementor-type=\"wp-page\" data-elementor-id=\"70\" class=\"elementor elementor-70\">\n\t\t\t\t<div class=\"elementor-element elementor-element-3d6df1a e-flex e-con-boxed e-con e-parent\" data-id=\"3d6df1a\" data-element_type=\"container\" data-settings=\"{&quot;content_width&quot;:&quot;boxed&quot;}\" data-core-v316-plus=\"true\">\n\t\t\t\t\t<div class=\"e-con-inner\">\n\t\t\t\t<div class=\"elementor-element elementor-element-cd2f3c6 elementor-widget elementor-widget-image\" data-id=\"cd2f3c6\" data-element_type=\"widget\" data-widget_type=\"image.default\">\n\t\t\t\t<div class=\"elementor-widget-container\">\n\t\t\t<style>\/*! elementor - v3.19.0 - 07-02-2024 *\/\n.elementor-widget-image{text-align:center}.elementor-widget-image a{display:inline-block}.elementor-widget-image a img[src$=\".svg\"]{width:48px}.elementor-widget-image img{vertical-align:middle;display:inline-block}<\/style>\t\t\t\t\t\t\t\t\t\t<img fetchpriority=\"high\" decoding=\"async\" width=\"2560\" height=\"1562\" src=\"https:\/\/amjcmac.org\/wp-content\/uploads\/2025\/03\/20250312_173527-scaled.jpg\" class=\"attachment-full size-full wp-image-924\" alt=\"\" srcset=\"https:\/\/amjcmac.org\/wp-content\/uploads\/2025\/03\/20250312_173527-scaled.jpg 2560w, https:\/\/amjcmac.org\/wp-content\/uploads\/2025\/03\/20250312_173527-300x183.jpg 300w, https:\/\/amjcmac.org\/wp-content\/uploads\/2025\/03\/20250312_173527-1024x625.jpg 1024w, https:\/\/amjcmac.org\/wp-content\/uploads\/2025\/03\/20250312_173527-768x469.jpg 768w, https:\/\/amjcmac.org\/wp-content\/uploads\/2025\/03\/20250312_173527-1536x937.jpg 1536w, https:\/\/amjcmac.org\/wp-content\/uploads\/2025\/03\/20250312_173527-2048x1249.jpg 2048w\" sizes=\"(max-width: 2560px) 100vw, 2560px\" \/>\t\t\t\t\t\t\t\t\t\t\t\t\t<\/div>\n\t\t\t\t<\/div>\n\t\t\t\t\t<\/div>\n\t\t\t\t<\/div>\n\t\t<div class=\"elementor-element elementor-element-5f88c9c e-flex e-con-boxed e-con e-parent\" data-id=\"5f88c9c\" data-element_type=\"container\" data-settings=\"{&quot;content_width&quot;:&quot;boxed&quot;}\" data-core-v316-plus=\"true\">\n\t\t\t\t\t<div class=\"e-con-inner\">\n\t\t\t\t<div class=\"elementor-element elementor-element-ae2cba2 elementor-widget elementor-widget-heading\" data-id=\"ae2cba2\" data-element_type=\"widget\" data-widget_type=\"heading.default\">\n\t\t\t\t<div class=\"elementor-widget-container\">\n\t\t\t<style>\/*! elementor - v3.19.0 - 07-02-2024 *\/\n.elementor-heading-title{padding:0;margin:0;line-height:1}.elementor-widget-heading .elementor-heading-title[class*=elementor-size-]>a{color:inherit;font-size:inherit;line-height:inherit}.elementor-widget-heading .elementor-heading-title.elementor-size-small{font-size:15px}.elementor-widget-heading .elementor-heading-title.elementor-size-medium{font-size:19px}.elementor-widget-heading .elementor-heading-title.elementor-size-large{font-size:29px}.elementor-widget-heading .elementor-heading-title.elementor-size-xl{font-size:39px}.elementor-widget-heading .elementor-heading-title.elementor-size-xxl{font-size:59px}<\/style><h2 class=\"elementor-heading-title elementor-size-default\"><h4 style=\"font-style: normal; text-align: justify; white-space-collapse: collapse;\"><span style=\"font-weight: 400;\">Mensaje de la Dra. Ma. Guadalupe Galv\u00e1n Salcedo<\/span><\/h4>\nPresidenta<\/h2>\t\t<\/div>\n\t\t\t\t<\/div>\n\t\t\t\t<div class=\"elementor-element elementor-element-2b1b9e0 elementor-widget-divider--view-line elementor-widget elementor-widget-divider\" data-id=\"2b1b9e0\" data-element_type=\"widget\" data-widget_type=\"divider.default\">\n\t\t\t\t<div class=\"elementor-widget-container\">\n\t\t\t<style>\/*! elementor - v3.19.0 - 07-02-2024 *\/\n.elementor-widget-divider{--divider-border-style:none;--divider-border-width:1px;--divider-color:#0c0d0e;--divider-icon-size:20px;--divider-element-spacing:10px;--divider-pattern-height:24px;--divider-pattern-size:20px;--divider-pattern-url:none;--divider-pattern-repeat:repeat-x}.elementor-widget-divider .elementor-divider{display:flex}.elementor-widget-divider .elementor-divider__text{font-size:15px;line-height:1;max-width:95%}.elementor-widget-divider .elementor-divider__element{margin:0 var(--divider-element-spacing);flex-shrink:0}.elementor-widget-divider .elementor-icon{font-size:var(--divider-icon-size)}.elementor-widget-divider .elementor-divider-separator{display:flex;margin:0;direction:ltr}.elementor-widget-divider--view-line_icon .elementor-divider-separator,.elementor-widget-divider--view-line_text .elementor-divider-separator{align-items:center}.elementor-widget-divider--view-line_icon .elementor-divider-separator:after,.elementor-widget-divider--view-line_icon .elementor-divider-separator:before,.elementor-widget-divider--view-line_text .elementor-divider-separator:after,.elementor-widget-divider--view-line_text .elementor-divider-separator:before{display:block;content:\"\";border-block-end:0;flex-grow:1;border-block-start:var(--divider-border-width) var(--divider-border-style) var(--divider-color)}.elementor-widget-divider--element-align-left .elementor-divider .elementor-divider-separator>.elementor-divider__svg:first-of-type{flex-grow:0;flex-shrink:100}.elementor-widget-divider--element-align-left .elementor-divider-separator:before{content:none}.elementor-widget-divider--element-align-left .elementor-divider__element{margin-left:0}.elementor-widget-divider--element-align-right .elementor-divider .elementor-divider-separator>.elementor-divider__svg:last-of-type{flex-grow:0;flex-shrink:100}.elementor-widget-divider--element-align-right .elementor-divider-separator:after{content:none}.elementor-widget-divider--element-align-right .elementor-divider__element{margin-right:0}.elementor-widget-divider--element-align-start .elementor-divider .elementor-divider-separator>.elementor-divider__svg:first-of-type{flex-grow:0;flex-shrink:100}.elementor-widget-divider--element-align-start .elementor-divider-separator:before{content:none}.elementor-widget-divider--element-align-start .elementor-divider__element{margin-inline-start:0}.elementor-widget-divider--element-align-end .elementor-divider .elementor-divider-separator>.elementor-divider__svg:last-of-type{flex-grow:0;flex-shrink:100}.elementor-widget-divider--element-align-end .elementor-divider-separator:after{content:none}.elementor-widget-divider--element-align-end .elementor-divider__element{margin-inline-end:0}.elementor-widget-divider:not(.elementor-widget-divider--view-line_text):not(.elementor-widget-divider--view-line_icon) .elementor-divider-separator{border-block-start:var(--divider-border-width) var(--divider-border-style) var(--divider-color)}.elementor-widget-divider--separator-type-pattern{--divider-border-style:none}.elementor-widget-divider--separator-type-pattern.elementor-widget-divider--view-line .elementor-divider-separator,.elementor-widget-divider--separator-type-pattern:not(.elementor-widget-divider--view-line) .elementor-divider-separator:after,.elementor-widget-divider--separator-type-pattern:not(.elementor-widget-divider--view-line) .elementor-divider-separator:before,.elementor-widget-divider--separator-type-pattern:not([class*=elementor-widget-divider--view]) .elementor-divider-separator{width:100%;min-height:var(--divider-pattern-height);-webkit-mask-size:var(--divider-pattern-size) 100%;mask-size:var(--divider-pattern-size) 100%;-webkit-mask-repeat:var(--divider-pattern-repeat);mask-repeat:var(--divider-pattern-repeat);background-color:var(--divider-color);-webkit-mask-image:var(--divider-pattern-url);mask-image:var(--divider-pattern-url)}.elementor-widget-divider--no-spacing{--divider-pattern-size:auto}.elementor-widget-divider--bg-round{--divider-pattern-repeat:round}.rtl .elementor-widget-divider .elementor-divider__text{direction:rtl}.e-con-inner>.elementor-widget-divider,.e-con>.elementor-widget-divider{width:var(--container-widget-width,100%);--flex-grow:var(--container-widget-flex-grow)}<\/style>\t\t<div class=\"elementor-divider\">\n\t\t\t<span class=\"elementor-divider-separator\">\n\t\t\t\t\t\t<\/span>\n\t\t<\/div>\n\t\t\t\t<\/div>\n\t\t\t\t<\/div>\n\t\t\t\t<div class=\"elementor-element elementor-element-c2a9c1b elementor-widget elementor-widget-text-editor\" data-id=\"c2a9c1b\" data-element_type=\"widget\" data-widget_type=\"text-editor.default\">\n\t\t\t\t<div class=\"elementor-widget-container\">\n\t\t\t<style>\/*! elementor - v3.19.0 - 07-02-2024 *\/\n.elementor-widget-text-editor.elementor-drop-cap-view-stacked .elementor-drop-cap{background-color:#69727d;color:#fff}.elementor-widget-text-editor.elementor-drop-cap-view-framed .elementor-drop-cap{color:#69727d;border:3px solid;background-color:transparent}.elementor-widget-text-editor:not(.elementor-drop-cap-view-default) .elementor-drop-cap{margin-top:8px}.elementor-widget-text-editor:not(.elementor-drop-cap-view-default) .elementor-drop-cap-letter{width:1em;height:1em}.elementor-widget-text-editor .elementor-drop-cap{float:left;text-align:center;line-height:1;font-size:50px}.elementor-widget-text-editor .elementor-drop-cap-letter{display:inline-block}<\/style>\t\t\t\t<h4><span style=\"font-size: 16px; font-style: inherit; font-weight: inherit; color: var( --e-global-color-text ); font-family: var( --e-global-typography-text-font-family ), Sans-serif; background-color: var(--ast-global-color-5);\">Estimados socios:<\/span><\/h4><p>Es un placer dirigirme a todos ustedes con un saludo cordial a trav\u00e9s del nuevo portal de Internet de nuestra Asociaci\u00f3n. En nombre de todo el Consejo Directivo y del m\u00edo propio, me complace expresar mi sincero reconocimiento a todos ustedes por su compromiso y dedicaci\u00f3n al cuidado de la salud de la sociedad jalisciense y del occidente del pa\u00eds.\u00a0<\/p><p>En nuestra asociaci\u00f3n, nos enorgullece contar con profesionales de tan alto nivel, cuyo trabajo incansable contribuye a mejorar la salud y el bienestar de nuestra comunidad. Su experiencia, conocimiento y pasi\u00f3n por la salud son un verdadero ejemplo a seguir.<\/p><p>Adem\u00e1s, quiero agradecerles por su participaci\u00f3n activa en nuestra asociaci\u00f3n. Su compromiso con el intercambio de ideas, la colaboraci\u00f3n en los eventos de apoyo y el desarrollo profesional es fundamental para el crecimiento y la excelencia de nuestra comunidad de profesionales de la salud.<\/p><p>Como equipo, enfrentamos desaf\u00edos constantes y cambiantes en el campo de la salud. Sin embargo, estoy segura de que, juntos, podemos superar cualquier obst\u00e1culo y seguir brindando una atenci\u00f3n de calidad a nuestros pacientes.<\/p><p>Les invito a mantenerse conectados a trav\u00e9s de este portal y de nuestras redes sociales, y participar activamente en nuestros eventos, talleres y conferencias, que ser\u00e1n publicados en este portal donde podremos seguir aprendiendo y creciendo juntos como profesionales de la salud. Tambi\u00e9n encontraran aqu\u00ed noticias relevantes, comunicados a la sociedad y tramites que se realicen ante otras instancias. Tendremos tambi\u00e9n el acceso al sistema automatizado para el registro de eventos y la emisi\u00f3n de constancias de afiliaci\u00f3n, entre muchas otras secciones y servicios en l\u00ednea.\u00a0<\/p><p>Por \u00faltimo, agradezco sinceramente su valiosa contribuci\u00f3n a nuestra asociaci\u00f3n, a la cual queremos como un segundo hogar y a la que estaremos siempre cuidando y manteniendo en las mejores condiciones posibles para que tengamos un espacio de reuni\u00f3n digno de nuestro trabajo y nivel profesional.\u00a0<\/p><p>Con mis mejores deseos,<\/p><p>Dra. Mar\u00eda Guadalupe Galv\u00e1n Salcedo<\/p><p>Presidenta<\/p>\t\t\t\t\t\t<\/div>\n\t\t\t\t<\/div>\n\t\t\t\t\t<\/div>\n\t\t\t\t<\/div>\n\t\t\t\t<\/div>\n\t\t","protected":false},"excerpt":{"rendered":"<p>Mensaje de la Dra. Ma. Guadalupe Galv\u00e1n Salcedo Presidenta Estimados socios: Es un placer dirigirme a todos ustedes con un saludo cordial a trav\u00e9s del nuevo portal de Internet de &hellip;<\/p>\n<p class=\"read-more\"> <a class=\"\" href=\"https:\/\/amjcmac.org\/?page_id=70\"> <span class=\"screen-reader-text\">Mensaje<\/span> Leer m\u00e1s &raquo;<\/a><\/p>\n","protected":false},"author":1,"featured_media":0,"parent":0,"menu_order":0,"comment_status":"closed","ping_status":"closed","template":"","meta":{"_eb_attr":"","site-sidebar-layout":"no-sidebar","site-content-layout":"","ast-site-content-layout":"full-width-container","site-content-style":"default","site-sidebar-style":"default","ast-global-header-display":"","ast-banner-title-visibility":"","ast-main-header-display":"","ast-hfb-above-header-display":"","ast-hfb-below-header-display":"","ast-hfb-mobile-header-display":"","site-post-title":"disabled","ast-breadcrumbs-content":"","ast-featured-img":"disabled","footer-sml-layout":"","theme-transparent-header-meta":"","adv-header-id-meta":"","stick-header-meta":"","header-above-stick-meta":"","header-main-stick-meta":"","header-below-stick-meta":"","astra-migrate-meta-layouts":"","ast-page-background-enabled":"default","ast-page-background-meta":{"desktop":{"background-color":"var(--ast-global-color-4)","background-image":"","background-repeat":"repeat","background-position":"center center","background-size":"auto","background-attachment":"scroll","background-type":"","background-media":"","overlay-type":"","overlay-color":"","overlay-gradient":""},"tablet":{"background-color":"","background-image":"","background-repeat":"repeat","background-position":"center center","background-size":"auto","background-attachment":"scroll","background-type":"","background-media":"","overlay-type":"","overlay-color":"","overlay-gradient":""},"mobile":{"background-color":"","background-image":"","background-repeat":"repeat","background-position":"center center","background-size":"auto","background-attachment":"scroll","background-type":"","background-media":"","overlay-type":"","overlay-color":"","overlay-gradient":""}},"ast-content-background-meta":{"desktop":{"background-color":"var(--ast-global-color-5)","background-image":"","background-repeat":"repeat","background-position":"center center","background-size":"auto","background-attachment":"scroll","background-type":"","background-media":"","overlay-type":"","overlay-color":"","overlay-gradient":""},"tablet":{"background-color":"var(--ast-global-color-5)","background-image":"","background-repeat":"repeat","background-position":"center center","background-size":"auto","background-attachment":"scroll","background-type":"","background-media":"","overlay-type":"","overlay-color":"","overlay-gradient":""},"mobile":{"background-color":"var(--ast-global-color-5)","background-image":"","background-repeat":"repeat","background-position":"center center","background-size":"auto","background-attachment":"scroll","background-type":"","background-media":"","overlay-type":"","overlay-color":"","overlay-gradient":""}},"footnotes":""},"class_list":["post-70","page","type-page","status-publish","hentry"],"yoast_head":"<!-- This site is optimized with the Yoast SEO plugin v22.0 - https:\/\/yoast.com\/wordpress\/plugins\/seo\/ -->\n<title>Mensaje - ASOCIACI\u00d3N M\u00c9DICA DE JALISCO, COLEGIO M\u00c9DICO, A. C.<\/title>\n<meta name=\"robots\" content=\"index, follow, max-snippet:-1, max-image-preview:large, max-video-preview:-1\" \/>\n<link rel=\"canonical\" href=\"https:\/\/amjcmac.org\/?page_id=70\" \/>\n<meta property=\"og:locale\" content=\"es_MX\" \/>\n<meta property=\"og:type\" content=\"article\" \/>\n<meta property=\"og:title\" content=\"Mensaje - ASOCIACI\u00d3N M\u00c9DICA DE JALISCO, COLEGIO M\u00c9DICO, A. C.\" \/>\n<meta property=\"og:description\" content=\"Mensaje de la Dra. Ma. Guadalupe Galv\u00e1n Salcedo Presidenta Estimados socios: Es un placer dirigirme a todos ustedes con un saludo cordial a trav\u00e9s del nuevo portal de Internet de &hellip; Mensaje Leer m\u00e1s &raquo;\" \/>\n<meta property=\"og:url\" content=\"https:\/\/amjcmac.org\/?page_id=70\" \/>\n<meta property=\"og:site_name\" content=\"ASOCIACI\u00d3N M\u00c9DICA DE JALISCO, COLEGIO M\u00c9DICO, A. C.\" \/>\n<meta property=\"article:modified_time\" content=\"2025-03-13T06:58:55+00:00\" \/>\n<meta property=\"og:image\" content=\"https:\/\/amjcmac.org\/wp-content\/uploads\/2025\/03\/20250312_173527-scaled.jpg\" \/>\n<meta name=\"twitter:card\" content=\"summary_large_image\" \/>\n<meta name=\"twitter:label1\" content=\"Tiempo de lectura\" \/>\n\t<meta name=\"twitter:data1\" content=\"2 minutos\" \/>\n<script type=\"application\/ld+json\" class=\"yoast-schema-graph\">{\"@context\":\"https:\/\/schema.org\",\"@graph\":[{\"@type\":\"WebPage\",\"@id\":\"https:\/\/amjcmac.org\/?page_id=70\",\"url\":\"https:\/\/amjcmac.org\/?page_id=70\",\"name\":\"Mensaje - ASOCIACI\u00d3N M\u00c9DICA DE JALISCO, COLEGIO M\u00c9DICO, A. C.\",\"isPartOf\":{\"@id\":\"https:\/\/amjcmac.org\/#website\"},\"datePublished\":\"2023-11-08T00:28:54+00:00\",\"dateModified\":\"2025-03-13T06:58:55+00:00\",\"breadcrumb\":{\"@id\":\"https:\/\/amjcmac.org\/?page_id=70#breadcrumb\"},\"inLanguage\":\"es\",\"potentialAction\":[{\"@type\":\"ReadAction\",\"target\":[\"https:\/\/amjcmac.org\/?page_id=70\"]}]},{\"@type\":\"BreadcrumbList\",\"@id\":\"https:\/\/amjcmac.org\/?page_id=70#breadcrumb\",\"itemListElement\":[{\"@type\":\"ListItem\",\"position\":1,\"name\":\"Home\",\"item\":\"https:\/\/amjcmac.org\/\"},{\"@type\":\"ListItem\",\"position\":2,\"name\":\"Mensaje\"}]},{\"@type\":\"WebSite\",\"@id\":\"https:\/\/amjcmac.org\/#website\",\"url\":\"https:\/\/amjcmac.org\/\",\"name\":\"ASOCIACI\u00d3N M\u00c9DICA DE JALISCO, COLEGIO M\u00c9DICO, A. C.\",\"description\":\"\",\"publisher\":{\"@id\":\"https:\/\/amjcmac.org\/#organization\"},\"potentialAction\":[{\"@type\":\"SearchAction\",\"target\":{\"@type\":\"EntryPoint\",\"urlTemplate\":\"https:\/\/amjcmac.org\/?s={search_term_string}\"},\"query-input\":\"required name=search_term_string\"}],\"inLanguage\":\"es\"},{\"@type\":\"Organization\",\"@id\":\"https:\/\/amjcmac.org\/#organization\",\"name\":\"ASOCIACI\u00d3N M\u00c9DICA DE JALISCO, COLEGIO M\u00c9DICO, A. C.\",\"url\":\"https:\/\/amjcmac.org\/\",\"logo\":{\"@type\":\"ImageObject\",\"inLanguage\":\"es\",\"@id\":\"https:\/\/amjcmac.org\/#\/schema\/logo\/image\/\",\"url\":\"https:\/\/amjcmac.org\/wp-content\/uploads\/2023\/10\/Logo-AMJ-1-e1699405036427.png\",\"contentUrl\":\"https:\/\/amjcmac.org\/wp-content\/uploads\/2023\/10\/Logo-AMJ-1-e1699405036427.png\",\"width\":120,\"height\":43,\"caption\":\"ASOCIACI\u00d3N M\u00c9DICA DE JALISCO, COLEGIO M\u00c9DICO, A. C.\"},\"image\":{\"@id\":\"https:\/\/amjcmac.org\/#\/schema\/logo\/image\/\"}}]}<\/script>\n<!-- \/ Yoast SEO plugin. -->","yoast_head_json":{"title":"Mensaje - ASOCIACI\u00d3N M\u00c9DICA DE JALISCO, COLEGIO M\u00c9DICO, A. C.","robots":{"index":"index","follow":"follow","max-snippet":"max-snippet:-1","max-image-preview":"max-image-preview:large","max-video-preview":"max-video-preview:-1"},"canonical":"https:\/\/amjcmac.org\/?page_id=70","og_locale":"es_MX","og_type":"article","og_title":"Mensaje - ASOCIACI\u00d3N M\u00c9DICA DE JALISCO, COLEGIO M\u00c9DICO, A. C.","og_description":"Mensaje de la Dra. Ma. Guadalupe Galv\u00e1n Salcedo Presidenta Estimados socios: Es un placer dirigirme a todos ustedes con un saludo cordial a trav\u00e9s del nuevo portal de Internet de &hellip; Mensaje Leer m\u00e1s &raquo;","og_url":"https:\/\/amjcmac.org\/?page_id=70","og_site_name":"ASOCIACI\u00d3N M\u00c9DICA DE JALISCO, COLEGIO M\u00c9DICO, A. C.","article_modified_time":"2025-03-13T06:58:55+00:00","og_image":[{"url":"https:\/\/amjcmac.org\/wp-content\/uploads\/2025\/03\/20250312_173527-scaled.jpg"}],"twitter_card":"summary_large_image","twitter_misc":{"Tiempo de lectura":"2 minutos"},"schema":{"@context":"https:\/\/schema.org","@graph":[{"@type":"WebPage","@id":"https:\/\/amjcmac.org\/?page_id=70","url":"https:\/\/amjcmac.org\/?page_id=70","name":"Mensaje - ASOCIACI\u00d3N M\u00c9DICA DE JALISCO, COLEGIO M\u00c9DICO, A. C.","isPartOf":{"@id":"https:\/\/amjcmac.org\/#website"},"datePublished":"2023-11-08T00:28:54+00:00","dateModified":"2025-03-13T06:58:55+00:00","breadcrumb":{"@id":"https:\/\/amjcmac.org\/?page_id=70#breadcrumb"},"inLanguage":"es","potentialAction":[{"@type":"ReadAction","target":["https:\/\/amjcmac.org\/?page_id=70"]}]},{"@type":"BreadcrumbList","@id":"https:\/\/amjcmac.org\/?page_id=70#breadcrumb","itemListElement":[{"@type":"ListItem","position":1,"name":"Home","item":"https:\/\/amjcmac.org\/"},{"@type":"ListItem","position":2,"name":"Mensaje"}]},{"@type":"WebSite","@id":"https:\/\/amjcmac.org\/#website","url":"https:\/\/amjcmac.org\/","name":"ASOCIACI\u00d3N M\u00c9DICA DE JALISCO, COLEGIO M\u00c9DICO, A. C.","description":"","publisher":{"@id":"https:\/\/amjcmac.org\/#organization"},"potentialAction":[{"@type":"SearchAction","target":{"@type":"EntryPoint","urlTemplate":"https:\/\/amjcmac.org\/?s={search_term_string}"},"query-input":"required name=search_term_string"}],"inLanguage":"es"},{"@type":"Organization","@id":"https:\/\/amjcmac.org\/#organization","name":"ASOCIACI\u00d3N M\u00c9DICA DE JALISCO, COLEGIO M\u00c9DICO, A. C.","url":"https:\/\/amjcmac.org\/","logo":{"@type":"ImageObject","inLanguage":"es","@id":"https:\/\/amjcmac.org\/#\/schema\/logo\/image\/","url":"https:\/\/amjcmac.org\/wp-content\/uploads\/2023\/10\/Logo-AMJ-1-e1699405036427.png","contentUrl":"https:\/\/amjcmac.org\/wp-content\/uploads\/2023\/10\/Logo-AMJ-1-e1699405036427.png","width":120,"height":43,"caption":"ASOCIACI\u00d3N M\u00c9DICA DE JALISCO, COLEGIO M\u00c9DICO, A. C."},"image":{"@id":"https:\/\/amjcmac.org\/#\/schema\/logo\/image\/"}}]}},"_links":{"self":[{"href":"https:\/\/amjcmac.org\/index.php?rest_route=\/wp\/v2\/pages\/70","targetHints":{"allow":["GET"]}}],"collection":[{"href":"https:\/\/amjcmac.org\/index.php?rest_route=\/wp\/v2\/pages"}],"about":[{"href":"https:\/\/amjcmac.org\/index.php?rest_route=\/wp\/v2\/types\/page"}],"author":[{"embeddable":true,"href":"https:\/\/amjcmac.org\/index.php?rest_route=\/wp\/v2\/users\/1"}],"replies":[{"embeddable":true,"href":"https:\/\/amjcmac.org\/index.php?rest_route=%2Fwp%2Fv2%2Fcomments&post=70"}],"version-history":[{"count":31,"href":"https:\/\/amjcmac.org\/index.php?rest_route=\/wp\/v2\/pages\/70\/revisions"}],"predecessor-version":[{"id":930,"href":"https:\/\/amjcmac.org\/index.php?rest_route=\/wp\/v2\/pages\/70\/revisions\/930"}],"wp:attachment":[{"href":"https:\/\/amjcmac.org\/index.php?rest_route=%2Fwp%2Fv2%2Fmedia&parent=70"}],"curies":[{"name":"wp","href":"https:\/\/api.w.org\/{rel}","templated":true}]}}