{"id":3,"date":"2023-10-25T01:54:17","date_gmt":"2023-10-25T01:54:17","guid":{"rendered":"https:\/\/amjcmac.org\/?page_id=3"},"modified":"2024-08-30T05:51:05","modified_gmt":"2024-08-30T05:51:05","slug":"aviso-de-privacidad","status":"publish","type":"page","link":"https:\/\/amjcmac.org\/?page_id=3","title":{"rendered":"Aviso de Privacidad"},"content":{"rendered":"\n<p>Los datos personales que usted proporcione a la Asociaci\u00f3n M\u00e9dica de Jalisco, Colegio M\u00e9dico, A. C. ser\u00e1n tratados \u00fanicamente por esta asociaci\u00f3n civil, que fungir\u00e1 como responsable del tratamiento y que tiene su domicilio en Sierra Nevada 910, Colonia Independencia, Guadalajara, Jalisco, M\u00e9xico.<\/p>\n<p>\u00a0<\/p>\n<p>Al proporcionar sus datos personales, incluyendo aquellos de \u00edndole acad\u00e9mica, financiera o patrimonial, usted manifiesta su consentimiento expreso para que Asociaci\u00f3n M\u00e9dica de Jalisco, Colegio M\u00e9dico, A. C. realice el tratamiento de los datos proporcionados con la finalidad de cumplir con los objetivos inherentes a un Colegio de Profesionistas, entre ellos las labores de capacitaci\u00f3n, difusi\u00f3n y asistencia comunitaria, sin que ello implique en modo alguno la transferencia de datos personales con fines de lucro a terceros o personal ajeno al mismo.<\/p>\n<p>\u00a0<\/p>\n<p>Sus datos de contacto (nombre, domicilio de oficina o consultorio y n\u00famero de tel\u00e9fono u otros datos personales que usted proporcione), no ser\u00e1n difundidos ni utilizados para fines comerciales.<\/p>\n<p>\u00a0<\/p>\n<p>Asociaci\u00f3n M\u00e9dica de Jalisco, Colegio M\u00e9dico, A. C. no recabar\u00e1 ni dar\u00e1 tratamiento a datos personales sensibles de colegiados, acad\u00e9micos y otros profesionistas o prestadores de servicios.<\/p>\n<p>\u00a0<\/p>\n<p>Asociaci\u00f3n M\u00e9dica de Jalisco, Colegio M\u00e9dico, A. C. conservar\u00e1 sus datos personales por el plazo necesario para el cumplimiento de las finalidades antes mencionadas, el cual no ser\u00e1 menor al necesario para el ejercicio de las acciones legales que se deriven de los contratos que pudieran celebrarse con motivo de solicitudes de membres\u00eda o prestaci\u00f3n de servicios profesionales. Una vez cumplidas las finalidades del tratamiento, se bloquear\u00e1n y posteriormente cancelar\u00e1n sus datos personales y estos no ser\u00e1n m\u00e1s objeto de tratamiento.<\/p>\n<p>\u00a0<\/p>\n<p>En caso de que el presente Aviso de Privacidad sea modificado o reemplazado, el texto del nuevo Aviso ser\u00e1 publicado en www.amjcmac.org. En ese mismo sitio electr\u00f3nico le ser\u00e1 comunicada cualquier eventual vulneraci\u00f3n de seguridad que pudiere ocurrir en cualquier fase del tratamiento de datos personales, as\u00ed como las medidas correctivas que en su caso se implementen.<\/p>\n<p>\u00a0<\/p>\n<p>Usted podr\u00e1, en cualquier momento, ejercer los derechos que la Ley Federal de Protecci\u00f3n de Datos Personales en Posesi\u00f3n de los Particulares le confiere sobre los datos personales proporcionados a Asociaci\u00f3n M\u00e9dica de Jalisco, Colegio M\u00e9dico, A. C., presentando una solicitud por escrito en el domicilio del responsable, dirigida al Consejo Directivo, o a trav\u00e9s de un mensaje de correo electr\u00f3nico a la direcci\u00f3n consejodirectivo@amjcmac.org.mx. La solicitud que usted presente deber\u00e1 cumplir los requisitos ordenados por la Ley de la materia y, de ser el caso, \u00e9sta ser\u00e1 atendida en los plazos que dicha Ley prev\u00e9.<\/p>\n","protected":false},"excerpt":{"rendered":"<p>Los datos personales que usted proporcione a la Asociaci\u00f3n M\u00e9dica de Jalisco, Colegio M\u00e9dico, A. C. ser\u00e1n tratados \u00fanicamente por esta asociaci\u00f3n civil, que fungir\u00e1 como responsable del tratamiento y &hellip;<\/p>\n<p class=\"read-more\"> <a class=\"\" href=\"https:\/\/amjcmac.org\/?page_id=3\"> <span class=\"screen-reader-text\">Aviso de Privacidad<\/span> Leer m\u00e1s &raquo;<\/a><\/p>\n","protected":false},"author":1,"featured_media":0,"parent":0,"menu_order":0,"comment_status":"closed","ping_status":"closed","template":"","meta":{"_eb_attr":"","site-sidebar-layout":"default","site-content-layout":"","ast-site-content-layout":"","site-content-style":"default","site-sidebar-style":"default","ast-global-header-display":"","ast-banner-title-visibility":"","ast-main-header-display":"","ast-hfb-above-header-display":"","ast-hfb-below-header-display":"","ast-hfb-mobile-header-display":"","site-post-title":"","ast-breadcrumbs-content":"","ast-featured-img":"","footer-sml-layout":"","theme-transparent-header-meta":"","adv-header-id-meta":"","stick-header-meta":"","header-above-stick-meta":"","header-main-stick-meta":"","header-below-stick-meta":"","astra-migrate-meta-layouts":"","ast-page-background-enabled":"default","ast-page-background-meta":{"desktop":{"background-color":"var(--ast-global-color-4)","background-image":"","background-repeat":"repeat","background-position":"center center","background-size":"auto","background-attachment":"scroll","background-type":"","background-media":"","overlay-type":"","overlay-color":"","overlay-gradient":""},"tablet":{"background-color":"","background-image":"","background-repeat":"repeat","background-position":"center center","background-size":"auto","background-attachment":"scroll","background-type":"","background-media":"","overlay-type":"","overlay-color":"","overlay-gradient":""},"mobile":{"background-color":"","background-image":"","background-repeat":"repeat","background-position":"center center","background-size":"auto","background-attachment":"scroll","background-type":"","background-media":"","overlay-type":"","overlay-color":"","overlay-gradient":""}},"ast-content-background-meta":{"desktop":{"background-color":"var(--ast-global-color-5)","background-image":"","background-repeat":"repeat","background-position":"center center","background-size":"auto","background-attachment":"scroll","background-type":"","background-media":"","overlay-type":"","overlay-color":"","overlay-gradient":""},"tablet":{"background-color":"var(--ast-global-color-5)","background-image":"","background-repeat":"repeat","background-position":"center center","background-size":"auto","background-attachment":"scroll","background-type":"","background-media":"","overlay-type":"","overlay-color":"","overlay-gradient":""},"mobile":{"background-color":"var(--ast-global-color-5)","background-image":"","background-repeat":"repeat","background-position":"center center","background-size":"auto","background-attachment":"scroll","background-type":"","background-media":"","overlay-type":"","overlay-color":"","overlay-gradient":""}},"footnotes":""},"class_list":["post-3","page","type-page","status-publish","hentry"],"yoast_head":"<!-- This site is optimized with the Yoast SEO plugin v22.0 - https:\/\/yoast.com\/wordpress\/plugins\/seo\/ -->\n<title>Aviso de Privacidad - ASOCIACI\u00d3N M\u00c9DICA DE JALISCO, COLEGIO M\u00c9DICO, A. C.<\/title>\n<meta name=\"robots\" content=\"index, follow, max-snippet:-1, max-image-preview:large, max-video-preview:-1\" \/>\n<link rel=\"canonical\" href=\"https:\/\/amjcmac.org\/?page_id=3\" \/>\n<meta property=\"og:locale\" content=\"es_MX\" \/>\n<meta property=\"og:type\" content=\"article\" \/>\n<meta property=\"og:title\" content=\"Aviso de Privacidad - ASOCIACI\u00d3N M\u00c9DICA DE JALISCO, COLEGIO M\u00c9DICO, A. C.\" \/>\n<meta property=\"og:description\" content=\"Los datos personales que usted proporcione a la Asociaci\u00f3n M\u00e9dica de Jalisco, Colegio M\u00e9dico, A. C. ser\u00e1n tratados \u00fanicamente por esta asociaci\u00f3n civil, que fungir\u00e1 como responsable del tratamiento y &hellip; Aviso de Privacidad Leer m\u00e1s &raquo;\" \/>\n<meta property=\"og:url\" content=\"https:\/\/amjcmac.org\/?page_id=3\" \/>\n<meta property=\"og:site_name\" content=\"ASOCIACI\u00d3N M\u00c9DICA DE JALISCO, COLEGIO M\u00c9DICO, A. C.\" \/>\n<meta property=\"article:modified_time\" content=\"2024-08-30T05:51:05+00:00\" \/>\n<meta name=\"twitter:card\" content=\"summary_large_image\" \/>\n<meta name=\"twitter:label1\" content=\"Tiempo de lectura\" \/>\n\t<meta name=\"twitter:data1\" content=\"2 minutos\" \/>\n<script type=\"application\/ld+json\" class=\"yoast-schema-graph\">{\"@context\":\"https:\/\/schema.org\",\"@graph\":[{\"@type\":\"WebPage\",\"@id\":\"https:\/\/amjcmac.org\/?page_id=3\",\"url\":\"https:\/\/amjcmac.org\/?page_id=3\",\"name\":\"Aviso de Privacidad - ASOCIACI\u00d3N M\u00c9DICA DE JALISCO, COLEGIO M\u00c9DICO, A. C.\",\"isPartOf\":{\"@id\":\"https:\/\/amjcmac.org\/#website\"},\"datePublished\":\"2023-10-25T01:54:17+00:00\",\"dateModified\":\"2024-08-30T05:51:05+00:00\",\"breadcrumb\":{\"@id\":\"https:\/\/amjcmac.org\/?page_id=3#breadcrumb\"},\"inLanguage\":\"es\",\"potentialAction\":[{\"@type\":\"ReadAction\",\"target\":[\"https:\/\/amjcmac.org\/?page_id=3\"]}]},{\"@type\":\"BreadcrumbList\",\"@id\":\"https:\/\/amjcmac.org\/?page_id=3#breadcrumb\",\"itemListElement\":[{\"@type\":\"ListItem\",\"position\":1,\"name\":\"Home\",\"item\":\"https:\/\/amjcmac.org\/\"},{\"@type\":\"ListItem\",\"position\":2,\"name\":\"Aviso de Privacidad\"}]},{\"@type\":\"WebSite\",\"@id\":\"https:\/\/amjcmac.org\/#website\",\"url\":\"https:\/\/amjcmac.org\/\",\"name\":\"ASOCIACI\u00d3N M\u00c9DICA DE JALISCO, COLEGIO M\u00c9DICO, A. C.\",\"description\":\"\",\"publisher\":{\"@id\":\"https:\/\/amjcmac.org\/#organization\"},\"potentialAction\":[{\"@type\":\"SearchAction\",\"target\":{\"@type\":\"EntryPoint\",\"urlTemplate\":\"https:\/\/amjcmac.org\/?s={search_term_string}\"},\"query-input\":\"required name=search_term_string\"}],\"inLanguage\":\"es\"},{\"@type\":\"Organization\",\"@id\":\"https:\/\/amjcmac.org\/#organization\",\"name\":\"ASOCIACI\u00d3N M\u00c9DICA DE JALISCO, COLEGIO M\u00c9DICO, A. C.\",\"url\":\"https:\/\/amjcmac.org\/\",\"logo\":{\"@type\":\"ImageObject\",\"inLanguage\":\"es\",\"@id\":\"https:\/\/amjcmac.org\/#\/schema\/logo\/image\/\",\"url\":\"https:\/\/amjcmac.org\/wp-content\/uploads\/2023\/10\/Logo-AMJ-1-e1699405036427.png\",\"contentUrl\":\"https:\/\/amjcmac.org\/wp-content\/uploads\/2023\/10\/Logo-AMJ-1-e1699405036427.png\",\"width\":120,\"height\":43,\"caption\":\"ASOCIACI\u00d3N M\u00c9DICA DE JALISCO, COLEGIO M\u00c9DICO, A. C.\"},\"image\":{\"@id\":\"https:\/\/amjcmac.org\/#\/schema\/logo\/image\/\"}}]}<\/script>\n<!-- \/ Yoast SEO plugin. -->","yoast_head_json":{"title":"Aviso de Privacidad - ASOCIACI\u00d3N M\u00c9DICA DE JALISCO, COLEGIO M\u00c9DICO, A. C.","robots":{"index":"index","follow":"follow","max-snippet":"max-snippet:-1","max-image-preview":"max-image-preview:large","max-video-preview":"max-video-preview:-1"},"canonical":"https:\/\/amjcmac.org\/?page_id=3","og_locale":"es_MX","og_type":"article","og_title":"Aviso de Privacidad - ASOCIACI\u00d3N M\u00c9DICA DE JALISCO, COLEGIO M\u00c9DICO, A. C.","og_description":"Los datos personales que usted proporcione a la Asociaci\u00f3n M\u00e9dica de Jalisco, Colegio M\u00e9dico, A. C. ser\u00e1n tratados \u00fanicamente por esta asociaci\u00f3n civil, que fungir\u00e1 como responsable del tratamiento y &hellip; Aviso de Privacidad Leer m\u00e1s &raquo;","og_url":"https:\/\/amjcmac.org\/?page_id=3","og_site_name":"ASOCIACI\u00d3N M\u00c9DICA DE JALISCO, COLEGIO M\u00c9DICO, A. C.","article_modified_time":"2024-08-30T05:51:05+00:00","twitter_card":"summary_large_image","twitter_misc":{"Tiempo de lectura":"2 minutos"},"schema":{"@context":"https:\/\/schema.org","@graph":[{"@type":"WebPage","@id":"https:\/\/amjcmac.org\/?page_id=3","url":"https:\/\/amjcmac.org\/?page_id=3","name":"Aviso de Privacidad - ASOCIACI\u00d3N M\u00c9DICA DE JALISCO, COLEGIO M\u00c9DICO, A. C.","isPartOf":{"@id":"https:\/\/amjcmac.org\/#website"},"datePublished":"2023-10-25T01:54:17+00:00","dateModified":"2024-08-30T05:51:05+00:00","breadcrumb":{"@id":"https:\/\/amjcmac.org\/?page_id=3#breadcrumb"},"inLanguage":"es","potentialAction":[{"@type":"ReadAction","target":["https:\/\/amjcmac.org\/?page_id=3"]}]},{"@type":"BreadcrumbList","@id":"https:\/\/amjcmac.org\/?page_id=3#breadcrumb","itemListElement":[{"@type":"ListItem","position":1,"name":"Home","item":"https:\/\/amjcmac.org\/"},{"@type":"ListItem","position":2,"name":"Aviso de Privacidad"}]},{"@type":"WebSite","@id":"https:\/\/amjcmac.org\/#website","url":"https:\/\/amjcmac.org\/","name":"ASOCIACI\u00d3N M\u00c9DICA DE JALISCO, COLEGIO M\u00c9DICO, A. C.","description":"","publisher":{"@id":"https:\/\/amjcmac.org\/#organization"},"potentialAction":[{"@type":"SearchAction","target":{"@type":"EntryPoint","urlTemplate":"https:\/\/amjcmac.org\/?s={search_term_string}"},"query-input":"required name=search_term_string"}],"inLanguage":"es"},{"@type":"Organization","@id":"https:\/\/amjcmac.org\/#organization","name":"ASOCIACI\u00d3N M\u00c9DICA DE JALISCO, COLEGIO M\u00c9DICO, A. C.","url":"https:\/\/amjcmac.org\/","logo":{"@type":"ImageObject","inLanguage":"es","@id":"https:\/\/amjcmac.org\/#\/schema\/logo\/image\/","url":"https:\/\/amjcmac.org\/wp-content\/uploads\/2023\/10\/Logo-AMJ-1-e1699405036427.png","contentUrl":"https:\/\/amjcmac.org\/wp-content\/uploads\/2023\/10\/Logo-AMJ-1-e1699405036427.png","width":120,"height":43,"caption":"ASOCIACI\u00d3N M\u00c9DICA DE JALISCO, COLEGIO M\u00c9DICO, A. C."},"image":{"@id":"https:\/\/amjcmac.org\/#\/schema\/logo\/image\/"}}]}},"_links":{"self":[{"href":"https:\/\/amjcmac.org\/index.php?rest_route=\/wp\/v2\/pages\/3","targetHints":{"allow":["GET"]}}],"collection":[{"href":"https:\/\/amjcmac.org\/index.php?rest_route=\/wp\/v2\/pages"}],"about":[{"href":"https:\/\/amjcmac.org\/index.php?rest_route=\/wp\/v2\/types\/page"}],"author":[{"embeddable":true,"href":"https:\/\/amjcmac.org\/index.php?rest_route=\/wp\/v2\/users\/1"}],"replies":[{"embeddable":true,"href":"https:\/\/amjcmac.org\/index.php?rest_route=%2Fwp%2Fv2%2Fcomments&post=3"}],"version-history":[{"count":5,"href":"https:\/\/amjcmac.org\/index.php?rest_route=\/wp\/v2\/pages\/3\/revisions"}],"predecessor-version":[{"id":235,"href":"https:\/\/amjcmac.org\/index.php?rest_route=\/wp\/v2\/pages\/3\/revisions\/235"}],"wp:attachment":[{"href":"https:\/\/amjcmac.org\/index.php?rest_route=%2Fwp%2Fv2%2Fmedia&parent=3"}],"curies":[{"name":"wp","href":"https:\/\/api.w.org\/{rel}","templated":true}]}}