{"id":240,"date":"2024-02-14T18:53:37","date_gmt":"2024-02-14T18:53:37","guid":{"rendered":"https:\/\/amjcmac.org\/?page_id=240"},"modified":"2024-04-22T04:21:29","modified_gmt":"2024-04-22T04:21:29","slug":"contacto","status":"publish","type":"page","link":"https:\/\/amjcmac.org\/?page_id=240","title":{"rendered":"CONTACTO"},"content":{"rendered":"\t\t<div data-elementor-type=\"wp-page\" data-elementor-id=\"240\" class=\"elementor elementor-240\">\n\t\t\t\t\t\t<section class=\"elementor-section elementor-top-section elementor-element elementor-element-n5hc61w elementor-section-full_width elementor-section-height-default elementor-section-height-default\" data-id=\"n5hc61w\" data-element_type=\"section\" data-settings=\"{&quot;background_background&quot;:&quot;classic&quot;}\">\n\t\t\t\t\t\t<div class=\"elementor-container elementor-column-gap-no\">\n\t\t\t\t\t<div class=\"elementor-column elementor-col-100 elementor-top-column elementor-element elementor-element-5ffd739\" data-id=\"5ffd739\" data-element_type=\"column\">\n\t\t\t<div class=\"elementor-widget-wrap elementor-element-populated\">\n\t\t\t\t\t\t<div class=\"elementor-element elementor-element-c6ec6bd elementor-widget-divider--view-line elementor-widget elementor-widget-divider\" data-id=\"c6ec6bd\" data-element_type=\"widget\" data-widget_type=\"divider.default\">\n\t\t\t\t<div class=\"elementor-widget-container\">\n\t\t\t<style>\/*! elementor - v3.19.0 - 07-02-2024 *\/\n.elementor-widget-divider{--divider-border-style:none;--divider-border-width:1px;--divider-color:#0c0d0e;--divider-icon-size:20px;--divider-element-spacing:10px;--divider-pattern-height:24px;--divider-pattern-size:20px;--divider-pattern-url:none;--divider-pattern-repeat:repeat-x}.elementor-widget-divider .elementor-divider{display:flex}.elementor-widget-divider .elementor-divider__text{font-size:15px;line-height:1;max-width:95%}.elementor-widget-divider .elementor-divider__element{margin:0 var(--divider-element-spacing);flex-shrink:0}.elementor-widget-divider .elementor-icon{font-size:var(--divider-icon-size)}.elementor-widget-divider .elementor-divider-separator{display:flex;margin:0;direction:ltr}.elementor-widget-divider--view-line_icon .elementor-divider-separator,.elementor-widget-divider--view-line_text .elementor-divider-separator{align-items:center}.elementor-widget-divider--view-line_icon .elementor-divider-separator:after,.elementor-widget-divider--view-line_icon .elementor-divider-separator:before,.elementor-widget-divider--view-line_text .elementor-divider-separator:after,.elementor-widget-divider--view-line_text .elementor-divider-separator:before{display:block;content:\"\";border-block-end:0;flex-grow:1;border-block-start:var(--divider-border-width) var(--divider-border-style) var(--divider-color)}.elementor-widget-divider--element-align-left .elementor-divider .elementor-divider-separator>.elementor-divider__svg:first-of-type{flex-grow:0;flex-shrink:100}.elementor-widget-divider--element-align-left .elementor-divider-separator:before{content:none}.elementor-widget-divider--element-align-left .elementor-divider__element{margin-left:0}.elementor-widget-divider--element-align-right .elementor-divider .elementor-divider-separator>.elementor-divider__svg:last-of-type{flex-grow:0;flex-shrink:100}.elementor-widget-divider--element-align-right .elementor-divider-separator:after{content:none}.elementor-widget-divider--element-align-right .elementor-divider__element{margin-right:0}.elementor-widget-divider--element-align-start .elementor-divider .elementor-divider-separator>.elementor-divider__svg:first-of-type{flex-grow:0;flex-shrink:100}.elementor-widget-divider--element-align-start .elementor-divider-separator:before{content:none}.elementor-widget-divider--element-align-start .elementor-divider__element{margin-inline-start:0}.elementor-widget-divider--element-align-end .elementor-divider .elementor-divider-separator>.elementor-divider__svg:last-of-type{flex-grow:0;flex-shrink:100}.elementor-widget-divider--element-align-end .elementor-divider-separator:after{content:none}.elementor-widget-divider--element-align-end .elementor-divider__element{margin-inline-end:0}.elementor-widget-divider:not(.elementor-widget-divider--view-line_text):not(.elementor-widget-divider--view-line_icon) .elementor-divider-separator{border-block-start:var(--divider-border-width) var(--divider-border-style) var(--divider-color)}.elementor-widget-divider--separator-type-pattern{--divider-border-style:none}.elementor-widget-divider--separator-type-pattern.elementor-widget-divider--view-line .elementor-divider-separator,.elementor-widget-divider--separator-type-pattern:not(.elementor-widget-divider--view-line) .elementor-divider-separator:after,.elementor-widget-divider--separator-type-pattern:not(.elementor-widget-divider--view-line) .elementor-divider-separator:before,.elementor-widget-divider--separator-type-pattern:not([class*=elementor-widget-divider--view]) .elementor-divider-separator{width:100%;min-height:var(--divider-pattern-height);-webkit-mask-size:var(--divider-pattern-size) 100%;mask-size:var(--divider-pattern-size) 100%;-webkit-mask-repeat:var(--divider-pattern-repeat);mask-repeat:var(--divider-pattern-repeat);background-color:var(--divider-color);-webkit-mask-image:var(--divider-pattern-url);mask-image:var(--divider-pattern-url)}.elementor-widget-divider--no-spacing{--divider-pattern-size:auto}.elementor-widget-divider--bg-round{--divider-pattern-repeat:round}.rtl .elementor-widget-divider .elementor-divider__text{direction:rtl}.e-con-inner>.elementor-widget-divider,.e-con>.elementor-widget-divider{width:var(--container-widget-width,100%);--flex-grow:var(--container-widget-flex-grow)}<\/style>\t\t<div class=\"elementor-divider\">\n\t\t\t<span class=\"elementor-divider-separator\">\n\t\t\t\t\t\t<\/span>\n\t\t<\/div>\n\t\t\t\t<\/div>\n\t\t\t\t<\/div>\n\t\t\t\t<div class=\"elementor-element elementor-element-db39ed2 elementor-widget elementor-widget-image\" data-id=\"db39ed2\" data-element_type=\"widget\" data-widget_type=\"image.default\">\n\t\t\t\t<div class=\"elementor-widget-container\">\n\t\t\t<style>\/*! elementor - v3.19.0 - 07-02-2024 *\/\n.elementor-widget-image{text-align:center}.elementor-widget-image a{display:inline-block}.elementor-widget-image a img[src$=\".svg\"]{width:48px}.elementor-widget-image img{vertical-align:middle;display:inline-block}<\/style>\t\t\t\t\t\t\t\t\t\t<img decoding=\"async\" src=\"https:\/\/amjcmac.org\/wp-content\/uploads\/elementor\/thumbs\/WEB-28-copia-1-qeekhvr485s98yz0famqgasyg94kr2dgj2mtohoolk.png\" title=\"AMJ\" alt=\"AMJ\" loading=\"lazy\" \/>\t\t\t\t\t\t\t\t\t\t\t\t\t<\/div>\n\t\t\t\t<\/div>\n\t\t\t\t<div class=\"elementor-element elementor-element-3214b30 elementor-widget-divider--view-line elementor-widget elementor-widget-divider\" data-id=\"3214b30\" data-element_type=\"widget\" data-widget_type=\"divider.default\">\n\t\t\t\t<div class=\"elementor-widget-container\">\n\t\t\t\t\t<div class=\"elementor-divider\">\n\t\t\t<span class=\"elementor-divider-separator\">\n\t\t\t\t\t\t<\/span>\n\t\t<\/div>\n\t\t\t\t<\/div>\n\t\t\t\t<\/div>\n\t\t\t\t<div class=\"elementor-element elementor-element-18fac36 elementor-widget elementor-widget-heading\" data-id=\"18fac36\" data-element_type=\"widget\" data-widget_type=\"heading.default\">\n\t\t\t\t<div class=\"elementor-widget-container\">\n\t\t\t<style>\/*! elementor - v3.19.0 - 07-02-2024 *\/\n.elementor-heading-title{padding:0;margin:0;line-height:1}.elementor-widget-heading .elementor-heading-title[class*=elementor-size-]>a{color:inherit;font-size:inherit;line-height:inherit}.elementor-widget-heading .elementor-heading-title.elementor-size-small{font-size:15px}.elementor-widget-heading .elementor-heading-title.elementor-size-medium{font-size:19px}.elementor-widget-heading .elementor-heading-title.elementor-size-large{font-size:29px}.elementor-widget-heading .elementor-heading-title.elementor-size-xl{font-size:39px}.elementor-widget-heading .elementor-heading-title.elementor-size-xxl{font-size:59px}<\/style><h2 class=\"elementor-heading-title elementor-size-default\">CONTACTO<\/h2>\t\t<\/div>\n\t\t\t\t<\/div>\n\t\t\t\t\t<\/div>\n\t\t<\/div>\n\t\t\t\t\t<\/div>\n\t\t<\/section>\n\t\t<div class=\"elementor-element elementor-element-e976db6 e-con-full e-flex e-con e-parent\" data-id=\"e976db6\" data-element_type=\"container\" data-settings=\"{&quot;content_width&quot;:&quot;full&quot;}\" data-core-v316-plus=\"true\">\n\t\t\t\t<div class=\"elementor-element elementor-element-2acdd19 elementor-widget elementor-widget-shortcode\" data-id=\"2acdd19\" data-element_type=\"widget\" data-widget_type=\"shortcode.default\">\n\t\t\t\t<div class=\"elementor-widget-container\">\n\t\t\t\t\t<div class=\"elementor-shortcode\">\n<div class=\"wpcf7 no-js\" id=\"wpcf7-f326-o1\" lang=\"es-MX\" dir=\"ltr\">\n<div class=\"screen-reader-response\"><p role=\"status\" aria-live=\"polite\" aria-atomic=\"true\"><\/p> <ul><\/ul><\/div>\n<form action=\"\/index.php?rest_route=%2Fwp%2Fv2%2Fpages%2F240#wpcf7-f326-o1\" method=\"post\" class=\"wpcf7-form init\" aria-label=\"Formulario de contacto\" novalidate=\"novalidate\" data-status=\"init\">\n<div style=\"display: none;\">\n<input type=\"hidden\" name=\"_wpcf7\" value=\"326\" \/>\n<input type=\"hidden\" name=\"_wpcf7_version\" value=\"5.8.7\" \/>\n<input type=\"hidden\" name=\"_wpcf7_locale\" value=\"es_MX\" \/>\n<input type=\"hidden\" name=\"_wpcf7_unit_tag\" value=\"wpcf7-f326-o1\" \/>\n<input type=\"hidden\" name=\"_wpcf7_container_post\" value=\"0\" \/>\n<input type=\"hidden\" name=\"_wpcf7_posted_data_hash\" value=\"\" \/>\n<\/div>\n<p><label> Tu nombre<br \/>\n<span class=\"wpcf7-form-control-wrap\" data-name=\"your-name\"><input size=\"40\" class=\"wpcf7-form-control wpcf7-text wpcf7-validates-as-required\" autocomplete=\"name\" aria-required=\"true\" aria-invalid=\"false\" value=\"\" type=\"text\" name=\"your-name\" \/><\/span> <\/label>\n<\/p>\n<p><label> Tu correo electr\u00f3nico<br \/>\n<span class=\"wpcf7-form-control-wrap\" data-name=\"your-email\"><input size=\"40\" class=\"wpcf7-form-control wpcf7-email wpcf7-validates-as-required wpcf7-text wpcf7-validates-as-email\" autocomplete=\"email\" aria-required=\"true\" aria-invalid=\"false\" value=\"\" type=\"email\" name=\"your-email\" \/><\/span> <\/label>\n<\/p>\n<p><label> Asunto<br \/>\n<span class=\"wpcf7-form-control-wrap\" data-name=\"your-subject\"><input size=\"40\" class=\"wpcf7-form-control wpcf7-text wpcf7-validates-as-required\" aria-required=\"true\" aria-invalid=\"false\" value=\"\" type=\"text\" name=\"your-subject\" \/><\/span> <\/label>\n<\/p>\n<p><label> Tu mensaje (opcional)<br \/>\n<span class=\"wpcf7-form-control-wrap\" data-name=\"your-message\"><textarea cols=\"40\" rows=\"10\" class=\"wpcf7-form-control wpcf7-textarea\" aria-invalid=\"false\" name=\"your-message\"><\/textarea><\/span> <\/label>\n<\/p>\n<p><input class=\"wpcf7-form-control wpcf7-submit has-spinner\" type=\"submit\" value=\"Enviar\" \/>\n<\/p><div class=\"wpcf7-response-output\" aria-hidden=\"true\"><\/div>\n<\/form>\n<\/div>\n<\/div>\n\t\t\t\t<\/div>\n\t\t\t\t<\/div>\n\t\t\t\t<\/div>\n\t\t<div class=\"elementor-element elementor-element-6fa8c3d e-con-full e-flex e-con e-parent\" data-id=\"6fa8c3d\" data-element_type=\"container\" data-settings=\"{&quot;content_width&quot;:&quot;full&quot;,&quot;background_background&quot;:&quot;classic&quot;}\" data-core-v316-plus=\"true\">\n\t\t\t\t<div class=\"elementor-element elementor-element-a28429f elementor-widget-divider--view-line elementor-widget elementor-widget-divider\" data-id=\"a28429f\" data-element_type=\"widget\" data-widget_type=\"divider.default\">\n\t\t\t\t<div class=\"elementor-widget-container\">\n\t\t\t\t\t<div class=\"elementor-divider\">\n\t\t\t<span class=\"elementor-divider-separator\">\n\t\t\t\t\t\t<\/span>\n\t\t<\/div>\n\t\t\t\t<\/div>\n\t\t\t\t<\/div>\n\t\t\t\t<div class=\"elementor-element elementor-element-bf79cd0 elementor-widget elementor-widget-heading\" data-id=\"bf79cd0\" data-element_type=\"widget\" data-widget_type=\"heading.default\">\n\t\t\t\t<div class=\"elementor-widget-container\">\n\t\t\t<h2 class=\"elementor-heading-title elementor-size-default\">Ubicaci\u00f3n de la Asociaci\u00f3n<\/h2>\t\t<\/div>\n\t\t\t\t<\/div>\n\t\t\t\t<div class=\"elementor-element elementor-element-ca8b678 elementor-widget elementor-widget-google_maps\" data-id=\"ca8b678\" data-element_type=\"widget\" data-widget_type=\"google_maps.default\">\n\t\t\t\t<div class=\"elementor-widget-container\">\n\t\t\t<style>\/*! elementor - v3.19.0 - 07-02-2024 *\/\n.elementor-widget-google_maps .elementor-widget-container{overflow:hidden}.elementor-widget-google_maps .elementor-custom-embed{line-height:0}.elementor-widget-google_maps iframe{height:300px}<\/style>\t\t<div class=\"elementor-custom-embed\">\n\t\t\t<iframe loading=\"lazy\"\n\t\t\t\t\tsrc=\"https:\/\/maps.google.com\/maps?q=Sierra%20Nevada%20910&#038;t=m&#038;z=7&#038;output=embed&#038;iwloc=near\"\n\t\t\t\t\ttitle=\"Sierra Nevada 910\"\n\t\t\t\t\taria-label=\"Sierra Nevada 910\"\n\t\t\t><\/iframe>\n\t\t<\/div>\n\t\t\t\t<\/div>\n\t\t\t\t<\/div>\n\t\t\t\t<\/div>\n\t\t\t\t<\/div>\n\t\t","protected":false},"excerpt":{"rendered":"<p>CONTACTO Ubicaci\u00f3n de la Asociaci\u00f3n<\/p>\n","protected":false},"author":1,"featured_media":0,"parent":0,"menu_order":0,"comment_status":"closed","ping_status":"closed","template":"","meta":{"_eb_attr":"","site-sidebar-layout":"no-sidebar","site-content-layout":"","ast-site-content-layout":"full-width-container","site-content-style":"default","site-sidebar-style":"default","ast-global-header-display":"","ast-banner-title-visibility":"","ast-main-header-display":"","ast-hfb-above-header-display":"","ast-hfb-below-header-display":"","ast-hfb-mobile-header-display":"","site-post-title":"disabled","ast-breadcrumbs-content":"","ast-featured-img":"disabled","footer-sml-layout":"","theme-transparent-header-meta":"","adv-header-id-meta":"","stick-header-meta":"","header-above-stick-meta":"","header-main-stick-meta":"","header-below-stick-meta":"","astra-migrate-meta-layouts":"","ast-page-background-enabled":"default","ast-page-background-meta":{"desktop":{"background-color":"var(--ast-global-color-4)","background-image":"","background-repeat":"repeat","background-position":"center center","background-size":"auto","background-attachment":"scroll","background-type":"","background-media":"","overlay-type":"","overlay-color":"","overlay-gradient":""},"tablet":{"background-color":"","background-image":"","background-repeat":"repeat","background-position":"center center","background-size":"auto","background-attachment":"scroll","background-type":"","background-media":"","overlay-type":"","overlay-color":"","overlay-gradient":""},"mobile":{"background-color":"","background-image":"","background-repeat":"repeat","background-position":"center center","background-size":"auto","background-attachment":"scroll","background-type":"","background-media":"","overlay-type":"","overlay-color":"","overlay-gradient":""}},"ast-content-background-meta":{"desktop":{"background-color":"var(--ast-global-color-5)","background-image":"","background-repeat":"repeat","background-position":"center center","background-size":"auto","background-attachment":"scroll","background-type":"","background-media":"","overlay-type":"","overlay-color":"","overlay-gradient":""},"tablet":{"background-color":"var(--ast-global-color-5)","background-image":"","background-repeat":"repeat","background-position":"center center","background-size":"auto","background-attachment":"scroll","background-type":"","background-media":"","overlay-type":"","overlay-color":"","overlay-gradient":""},"mobile":{"background-color":"var(--ast-global-color-5)","background-image":"","background-repeat":"repeat","background-position":"center center","background-size":"auto","background-attachment":"scroll","background-type":"","background-media":"","overlay-type":"","overlay-color":"","overlay-gradient":""}},"footnotes":""},"class_list":["post-240","page","type-page","status-publish","hentry"],"yoast_head":"<!-- This site is optimized with the Yoast SEO plugin v22.0 - https:\/\/yoast.com\/wordpress\/plugins\/seo\/ -->\n<title>CONTACTO - ASOCIACI\u00d3N M\u00c9DICA DE JALISCO, COLEGIO M\u00c9DICO, A. C.<\/title>\n<meta name=\"robots\" content=\"index, follow, max-snippet:-1, max-image-preview:large, max-video-preview:-1\" \/>\n<link rel=\"canonical\" href=\"https:\/\/amjcmac.org\/?page_id=240\" \/>\n<meta property=\"og:locale\" content=\"es_MX\" \/>\n<meta property=\"og:type\" content=\"article\" \/>\n<meta property=\"og:title\" content=\"CONTACTO - ASOCIACI\u00d3N M\u00c9DICA DE JALISCO, COLEGIO M\u00c9DICO, A. C.\" \/>\n<meta property=\"og:description\" content=\"CONTACTO Ubicaci\u00f3n de la Asociaci\u00f3n\" \/>\n<meta property=\"og:url\" content=\"https:\/\/amjcmac.org\/?page_id=240\" \/>\n<meta property=\"og:site_name\" content=\"ASOCIACI\u00d3N M\u00c9DICA DE JALISCO, COLEGIO M\u00c9DICO, A. C.\" \/>\n<meta property=\"article:modified_time\" content=\"2024-04-22T04:21:29+00:00\" \/>\n<meta property=\"og:image\" content=\"https:\/\/amjcmac.org\/wp-content\/uploads\/elementor\/thumbs\/WEB-28-copia-1-qeekhvr485s98yz0famqgasyg94kr2dgj2mtohoolk.png\" \/>\n<meta name=\"twitter:card\" content=\"summary_large_image\" \/>\n<meta name=\"twitter:label1\" content=\"Tiempo de lectura\" \/>\n\t<meta name=\"twitter:data1\" content=\"1 minuto\" \/>\n<script type=\"application\/ld+json\" class=\"yoast-schema-graph\">{\"@context\":\"https:\/\/schema.org\",\"@graph\":[{\"@type\":\"WebPage\",\"@id\":\"https:\/\/amjcmac.org\/?page_id=240\",\"url\":\"https:\/\/amjcmac.org\/?page_id=240\",\"name\":\"CONTACTO - ASOCIACI\u00d3N M\u00c9DICA DE JALISCO, COLEGIO M\u00c9DICO, A. C.\",\"isPartOf\":{\"@id\":\"https:\/\/amjcmac.org\/#website\"},\"datePublished\":\"2024-02-14T18:53:37+00:00\",\"dateModified\":\"2024-04-22T04:21:29+00:00\",\"breadcrumb\":{\"@id\":\"https:\/\/amjcmac.org\/?page_id=240#breadcrumb\"},\"inLanguage\":\"es\",\"potentialAction\":[{\"@type\":\"ReadAction\",\"target\":[\"https:\/\/amjcmac.org\/?page_id=240\"]}]},{\"@type\":\"BreadcrumbList\",\"@id\":\"https:\/\/amjcmac.org\/?page_id=240#breadcrumb\",\"itemListElement\":[{\"@type\":\"ListItem\",\"position\":1,\"name\":\"Home\",\"item\":\"https:\/\/amjcmac.org\/\"},{\"@type\":\"ListItem\",\"position\":2,\"name\":\"CONTACTO\"}]},{\"@type\":\"WebSite\",\"@id\":\"https:\/\/amjcmac.org\/#website\",\"url\":\"https:\/\/amjcmac.org\/\",\"name\":\"ASOCIACI\u00d3N M\u00c9DICA DE JALISCO, COLEGIO M\u00c9DICO, A. C.\",\"description\":\"\",\"publisher\":{\"@id\":\"https:\/\/amjcmac.org\/#organization\"},\"potentialAction\":[{\"@type\":\"SearchAction\",\"target\":{\"@type\":\"EntryPoint\",\"urlTemplate\":\"https:\/\/amjcmac.org\/?s={search_term_string}\"},\"query-input\":\"required name=search_term_string\"}],\"inLanguage\":\"es\"},{\"@type\":\"Organization\",\"@id\":\"https:\/\/amjcmac.org\/#organization\",\"name\":\"ASOCIACI\u00d3N M\u00c9DICA DE JALISCO, COLEGIO M\u00c9DICO, A. C.\",\"url\":\"https:\/\/amjcmac.org\/\",\"logo\":{\"@type\":\"ImageObject\",\"inLanguage\":\"es\",\"@id\":\"https:\/\/amjcmac.org\/#\/schema\/logo\/image\/\",\"url\":\"https:\/\/amjcmac.org\/wp-content\/uploads\/2023\/10\/Logo-AMJ-1-e1699405036427.png\",\"contentUrl\":\"https:\/\/amjcmac.org\/wp-content\/uploads\/2023\/10\/Logo-AMJ-1-e1699405036427.png\",\"width\":120,\"height\":43,\"caption\":\"ASOCIACI\u00d3N M\u00c9DICA DE JALISCO, COLEGIO M\u00c9DICO, A. C.\"},\"image\":{\"@id\":\"https:\/\/amjcmac.org\/#\/schema\/logo\/image\/\"}}]}<\/script>\n<!-- \/ Yoast SEO plugin. -->","yoast_head_json":{"title":"CONTACTO - ASOCIACI\u00d3N M\u00c9DICA DE JALISCO, COLEGIO M\u00c9DICO, A. C.","robots":{"index":"index","follow":"follow","max-snippet":"max-snippet:-1","max-image-preview":"max-image-preview:large","max-video-preview":"max-video-preview:-1"},"canonical":"https:\/\/amjcmac.org\/?page_id=240","og_locale":"es_MX","og_type":"article","og_title":"CONTACTO - ASOCIACI\u00d3N M\u00c9DICA DE JALISCO, COLEGIO M\u00c9DICO, A. C.","og_description":"CONTACTO Ubicaci\u00f3n de la Asociaci\u00f3n","og_url":"https:\/\/amjcmac.org\/?page_id=240","og_site_name":"ASOCIACI\u00d3N M\u00c9DICA DE JALISCO, COLEGIO M\u00c9DICO, A. C.","article_modified_time":"2024-04-22T04:21:29+00:00","og_image":[{"url":"https:\/\/amjcmac.org\/wp-content\/uploads\/elementor\/thumbs\/WEB-28-copia-1-qeekhvr485s98yz0famqgasyg94kr2dgj2mtohoolk.png"}],"twitter_card":"summary_large_image","twitter_misc":{"Tiempo de lectura":"1 minuto"},"schema":{"@context":"https:\/\/schema.org","@graph":[{"@type":"WebPage","@id":"https:\/\/amjcmac.org\/?page_id=240","url":"https:\/\/amjcmac.org\/?page_id=240","name":"CONTACTO - ASOCIACI\u00d3N M\u00c9DICA DE JALISCO, COLEGIO M\u00c9DICO, A. C.","isPartOf":{"@id":"https:\/\/amjcmac.org\/#website"},"datePublished":"2024-02-14T18:53:37+00:00","dateModified":"2024-04-22T04:21:29+00:00","breadcrumb":{"@id":"https:\/\/amjcmac.org\/?page_id=240#breadcrumb"},"inLanguage":"es","potentialAction":[{"@type":"ReadAction","target":["https:\/\/amjcmac.org\/?page_id=240"]}]},{"@type":"BreadcrumbList","@id":"https:\/\/amjcmac.org\/?page_id=240#breadcrumb","itemListElement":[{"@type":"ListItem","position":1,"name":"Home","item":"https:\/\/amjcmac.org\/"},{"@type":"ListItem","position":2,"name":"CONTACTO"}]},{"@type":"WebSite","@id":"https:\/\/amjcmac.org\/#website","url":"https:\/\/amjcmac.org\/","name":"ASOCIACI\u00d3N M\u00c9DICA DE JALISCO, COLEGIO M\u00c9DICO, A. C.","description":"","publisher":{"@id":"https:\/\/amjcmac.org\/#organization"},"potentialAction":[{"@type":"SearchAction","target":{"@type":"EntryPoint","urlTemplate":"https:\/\/amjcmac.org\/?s={search_term_string}"},"query-input":"required name=search_term_string"}],"inLanguage":"es"},{"@type":"Organization","@id":"https:\/\/amjcmac.org\/#organization","name":"ASOCIACI\u00d3N M\u00c9DICA DE JALISCO, COLEGIO M\u00c9DICO, A. C.","url":"https:\/\/amjcmac.org\/","logo":{"@type":"ImageObject","inLanguage":"es","@id":"https:\/\/amjcmac.org\/#\/schema\/logo\/image\/","url":"https:\/\/amjcmac.org\/wp-content\/uploads\/2023\/10\/Logo-AMJ-1-e1699405036427.png","contentUrl":"https:\/\/amjcmac.org\/wp-content\/uploads\/2023\/10\/Logo-AMJ-1-e1699405036427.png","width":120,"height":43,"caption":"ASOCIACI\u00d3N M\u00c9DICA DE JALISCO, COLEGIO M\u00c9DICO, A. C."},"image":{"@id":"https:\/\/amjcmac.org\/#\/schema\/logo\/image\/"}}]}},"_links":{"self":[{"href":"https:\/\/amjcmac.org\/index.php?rest_route=\/wp\/v2\/pages\/240","targetHints":{"allow":["GET"]}}],"collection":[{"href":"https:\/\/amjcmac.org\/index.php?rest_route=\/wp\/v2\/pages"}],"about":[{"href":"https:\/\/amjcmac.org\/index.php?rest_route=\/wp\/v2\/types\/page"}],"author":[{"embeddable":true,"href":"https:\/\/amjcmac.org\/index.php?rest_route=\/wp\/v2\/users\/1"}],"replies":[{"embeddable":true,"href":"https:\/\/amjcmac.org\/index.php?rest_route=%2Fwp%2Fv2%2Fcomments&post=240"}],"version-history":[{"count":20,"href":"https:\/\/amjcmac.org\/index.php?rest_route=\/wp\/v2\/pages\/240\/revisions"}],"predecessor-version":[{"id":522,"href":"https:\/\/amjcmac.org\/index.php?rest_route=\/wp\/v2\/pages\/240\/revisions\/522"}],"wp:attachment":[{"href":"https:\/\/amjcmac.org\/index.php?rest_route=%2Fwp%2Fv2%2Fmedia&parent=240"}],"curies":[{"name":"wp","href":"https:\/\/api.w.org\/{rel}","templated":true}]}}