{"id":148,"date":"2024-01-12T16:56:09","date_gmt":"2024-01-12T16:56:09","guid":{"rendered":"https:\/\/amjcmac.org\/?page_id=148"},"modified":"2025-11-15T07:16:15","modified_gmt":"2025-11-15T07:16:15","slug":"eventos","status":"publish","type":"page","link":"https:\/\/amjcmac.org\/?page_id=148","title":{"rendered":"EVENTOS"},"content":{"rendered":"\t\t<div data-elementor-type=\"wp-page\" data-elementor-id=\"148\" class=\"elementor elementor-148\">\n\t\t\t\t<div class=\"elementor-element elementor-element-fdaae13 e-con-full e-flex e-con e-parent\" data-id=\"fdaae13\" data-element_type=\"container\" data-settings=\"{&quot;content_width&quot;:&quot;full&quot;}\" data-core-v316-plus=\"true\">\n\t\t\t\t<div class=\"elementor-element elementor-element-493d5eb elementor-widget elementor-widget-image\" data-id=\"493d5eb\" data-element_type=\"widget\" data-widget_type=\"image.default\">\n\t\t\t\t<div class=\"elementor-widget-container\">\n\t\t\t<style>\/*! elementor - v3.19.0 - 07-02-2024 *\/\n.elementor-widget-image{text-align:center}.elementor-widget-image a{display:inline-block}.elementor-widget-image a img[src$=\".svg\"]{width:48px}.elementor-widget-image img{vertical-align:middle;display:inline-block}<\/style>\t\t\t\t\t\t\t\t\t\t<img decoding=\"async\" src=\"https:\/\/amjcmac.org\/wp-content\/uploads\/elementor\/thumbs\/Posada-navidena-reqcvqend33ourh0moi3itwu9p8vsqwvssbij3kf48.png\" title=\"Posada naviden\u0303a\" alt=\"Posada naviden\u0303a\" loading=\"lazy\" \/>\t\t\t\t\t\t\t\t\t\t\t\t\t<\/div>\n\t\t\t\t<\/div>\n\t\t\t\t<div class=\"elementor-element elementor-element-fb44c15 elementor-widget elementor-widget-single-event-summary\" data-id=\"fb44c15\" data-element_type=\"widget\" data-widget_type=\"single-event-summary.default\">\n\t\t\t\t<div class=\"elementor-widget-container\">\n\t\t\t<div class=\"event_summary_shortcode alignleft\" style=\"width: 250px\"><div class=\"wpem-main wpem-single-event-widget\">\r\n\t<div class=\"event_listing post-163 type-event_listing status-publish has-post-thumbnail hentry\">\r\n\t\t<a href=\"https:\/\/amjcmac.org\/?event_listing=2do-congreso-multidisciplinario-sobre-diabetes-mellitus-copy\" class=\"wpem-event-action-url event-widget\">\r\n\t\t\t<div class=\"wpem-event-banner\">\r\n\t\t\t\t<div class=\"wpem-event-banner-img\"><link rel=\"image_src\" href=\"https:\/\/amjcmac.org\/wp-content\/uploads\/2024\/01\/WhatsApp-Image-2024-02-28-at-2.18.03-PM.jpeg\"\/><img decoding=\"async\" itemprop=\"image\" content=\"https:\/\/amjcmac.org\/wp-content\/uploads\/2024\/01\/WhatsApp-Image-2024-02-28-at-2.18.03-PM.jpeg\" src=\"https:\/\/amjcmac.org\/wp-content\/uploads\/2024\/01\/WhatsApp-Image-2024-02-28-at-2.18.03-PM.jpeg\" alt=\"2do. CONGRESO MULTIDISCIPLINARIO SOBRE DIABETES MELLITUS\" \/><\/div>\r\n\t\t\t<\/div>\r\n\t\t\t<div class=\"wpem-event-infomation\">\r\n\t\t\t\t<div class=\"wpem-event-details\">\r\n\t\t\t\t\t<div class=\"wpem-event-title\">\r\n\t\t\t\t\t\t<h3 class=\"wpem-heading-text\" title=\"2do. CONGRESO MULTIDISCIPLINARIO SOBRE DIABETES MELLITUS\"> 2do. CONGRESO MULTIDISCIPLINARIO SOBRE DIABETES MELLITUS<\/h3>\r\n\t\t\t\t\t<\/div>\r\n\t\t\t\t\t<div class=\"wpem-event-date-time\">\r\n\t\t\t\t\t\t<span class=\"wpem-event-date-time-text\">2024-03-01<\/span>\r\n\t\t\t\t\t<\/div>\r\n\t\t\t\t\t<div class=\"wpem-event-location\">\r\n\t\t\t\t\t\t<span class=\"wpem-event-location-text\">\r\n\t\t\t\t\t\t\tCalle Gral. Eulogio Parra 2539, Lomas de Guevara, Guadalajara, Jal.\t\t\t\t\t\t<\/span>\r\n\t\t\t\t\t<\/div>                        \r\n\t\t\t\t    <div class=\"wpem-event-type\"><\/div>\r\n\r\n\t\t\t\t    \t\t\t\t<\/div>\r\n\t\t\t<\/div>\r\n\t\t<\/a>\r\n\t<\/div>\r\n<\/div>\r\n<\/div>\t\t<\/div>\n\t\t\t\t<\/div>\n\t\t\t\t<div class=\"elementor-element elementor-element-9594728 elementor-widget elementor-widget-single-event-summary\" data-id=\"9594728\" data-element_type=\"widget\" data-widget_type=\"single-event-summary.default\">\n\t\t\t\t<div class=\"elementor-widget-container\">\n\t\t\t<div class=\"event_summary_shortcode alignleft\" style=\"width: 250px\"><div class=\"wpem-main wpem-single-event-widget\">\r\n\t<div class=\"event_listing post-363 type-event_listing status-publish has-post-thumbnail hentry\">\r\n\t\t<a href=\"https:\/\/amjcmac.org\/?event_listing=2do-congreso-multidisciplinario-sobre-diabetes-mellitus-copy-2\" class=\"wpem-event-action-url event-widget\">\r\n\t\t\t<div class=\"wpem-event-banner\">\r\n\t\t\t\t<div class=\"wpem-event-banner-img\"><link rel=\"image_src\" href=\"https:\/\/amjcmac.org\/wp-content\/uploads\/2024\/01\/WhatsApp-Image-2024-02-28-at-2.18.03-PM.jpeg\"\/><img decoding=\"async\" itemprop=\"image\" content=\"https:\/\/amjcmac.org\/wp-content\/uploads\/2024\/01\/WhatsApp-Image-2024-02-28-at-2.18.03-PM.jpeg\" src=\"https:\/\/amjcmac.org\/wp-content\/uploads\/2024\/01\/WhatsApp-Image-2024-02-28-at-2.18.03-PM.jpeg\" alt=\"2do. CONGRESO MULTIDISCIPLINARIO SOBRE DIABETES MELLITUS &#8211; Copy\" \/><\/div>\r\n\t\t\t<\/div>\r\n\t\t\t<div class=\"wpem-event-infomation\">\r\n\t\t\t\t<div class=\"wpem-event-details\">\r\n\t\t\t\t\t<div class=\"wpem-event-title\">\r\n\t\t\t\t\t\t<h3 class=\"wpem-heading-text\" title=\"2do. CONGRESO MULTIDISCIPLINARIO SOBRE DIABETES MELLITUS &#8211; Copy\"> 2do. CONGRESO MULTIDISCIPLINARIO SOBRE DIABETES MELLITUS &#8211; Copy<\/h3>\r\n\t\t\t\t\t<\/div>\r\n\t\t\t\t\t<div class=\"wpem-event-date-time\">\r\n\t\t\t\t\t\t<span class=\"wpem-event-date-time-text\">2024-03-01<\/span>\r\n\t\t\t\t\t<\/div>\r\n\t\t\t\t\t<div class=\"wpem-event-location\">\r\n\t\t\t\t\t\t<span class=\"wpem-event-location-text\">\r\n\t\t\t\t\t\t\tCalle Gral. Eulogio Parra 2539, Lomas de Guevara, Guadalajara, Jal.\t\t\t\t\t\t<\/span>\r\n\t\t\t\t\t<\/div>                        \r\n\t\t\t\t    <div class=\"wpem-event-type\"><\/div>\r\n\r\n\t\t\t\t    \t\t\t\t<\/div>\r\n\t\t\t<\/div>\r\n\t\t<\/a>\r\n\t<\/div>\r\n<\/div>\r\n<\/div>\t\t<\/div>\n\t\t\t\t<\/div>\n\t\t\t\t<\/div>\n\t\t<div class=\"elementor-element elementor-element-ecd801c e-con-full e-flex e-con e-parent\" data-id=\"ecd801c\" data-element_type=\"container\" data-settings=\"{&quot;content_width&quot;:&quot;full&quot;}\" data-core-v316-plus=\"true\">\n\t\t\t\t<div class=\"elementor-element elementor-element-44ee527 elementor-align-left elementor-widget elementor-widget-button\" data-id=\"44ee527\" data-element_type=\"widget\" data-widget_type=\"button.default\">\n\t\t\t\t<div class=\"elementor-widget-container\">\n\t\t\t\t\t<div class=\"elementor-button-wrapper\">\n\t\t\t<a class=\"elementor-button elementor-button-link elementor-size-sm\" href=\"\">\n\t\t\t\t\t\t<span class=\"elementor-button-content-wrapper\">\n\t\t\t\t\t\t<span class=\"elementor-button-text\">ANTERIORES<\/span>\n\t\t<\/span>\n\t\t\t\t\t<\/a>\n\t\t<\/div>\n\t\t\t\t<\/div>\n\t\t\t\t<\/div>\n\t\t\t\t<div class=\"elementor-element elementor-element-4c458e3 elementor-align-left elementor-widget elementor-widget-button\" data-id=\"4c458e3\" data-element_type=\"widget\" data-widget_type=\"button.default\">\n\t\t\t\t<div class=\"elementor-widget-container\">\n\t\t\t\t\t<div class=\"elementor-button-wrapper\">\n\t\t\t<a class=\"elementor-button elementor-button-link elementor-size-sm\" href=\"\">\n\t\t\t\t\t\t<span class=\"elementor-button-content-wrapper\">\n\t\t\t\t\t\t<span class=\"elementor-button-text\">PR\u00d3XIMOS<\/span>\n\t\t<\/span>\n\t\t\t\t\t<\/a>\n\t\t<\/div>\n\t\t\t\t<\/div>\n\t\t\t\t<\/div>\n\t\t\t\t<\/div>\n\t\t\t\t<\/div>\n\t\t","protected":false},"excerpt":{"rendered":"<p>2do. CONGRESO MULTIDISCIPLINARIO SOBRE DIABETES MELLITUS 2024-03-01 Calle Gral. Eulogio Parra 2539, Lomas de Guevara, Guadalajara, Jal. 2do. CONGRESO MULTIDISCIPLINARIO SOBRE DIABETES MELLITUS &#8211; Copy 2024-03-01 Calle Gral. Eulogio Parra &hellip;<\/p>\n<p class=\"read-more\"> <a class=\"\" href=\"https:\/\/amjcmac.org\/?event_listing=2do-congreso-multidisciplinario-sobre-diabetes-mellitus-copy-2\"> <span class=\"screen-reader-text\">2do. CONGRESO MULTIDISCIPLINARIO SOBRE DIABETES MELLITUS &#8211; Copy<\/span> Leer m\u00e1s &raquo;<\/a><\/p>\n","protected":false},"author":1,"featured_media":0,"parent":0,"menu_order":0,"comment_status":"closed","ping_status":"closed","template":"","meta":{"_eb_attr":"","site-sidebar-layout":"no-sidebar","site-content-layout":"","ast-site-content-layout":"full-width-container","site-content-style":"default","site-sidebar-style":"default","ast-global-header-display":"","ast-banner-title-visibility":"","ast-main-header-display":"","ast-hfb-above-header-display":"","ast-hfb-below-header-display":"","ast-hfb-mobile-header-display":"","site-post-title":"disabled","ast-breadcrumbs-content":"","ast-featured-img":"disabled","footer-sml-layout":"","theme-transparent-header-meta":"","adv-header-id-meta":"","stick-header-meta":"","header-above-stick-meta":"","header-main-stick-meta":"","header-below-stick-meta":"","astra-migrate-meta-layouts":"","ast-page-background-enabled":"default","ast-page-background-meta":{"desktop":{"background-color":"var(--ast-global-color-4)","background-image":"","background-repeat":"repeat","background-position":"center center","background-size":"auto","background-attachment":"scroll","background-type":"","background-media":"","overlay-type":"","overlay-color":"","overlay-gradient":""},"tablet":{"background-color":"","background-image":"","background-repeat":"repeat","background-position":"center center","background-size":"auto","background-attachment":"scroll","background-type":"","background-media":"","overlay-type":"","overlay-color":"","overlay-gradient":""},"mobile":{"background-color":"","background-image":"","background-repeat":"repeat","background-position":"center center","background-size":"auto","background-attachment":"scroll","background-type":"","background-media":"","overlay-type":"","overlay-color":"","overlay-gradient":""}},"ast-content-background-meta":{"desktop":{"background-color":"var(--ast-global-color-5)","background-image":"","background-repeat":"repeat","background-position":"center center","background-size":"auto","background-attachment":"scroll","background-type":"","background-media":"","overlay-type":"","overlay-color":"","overlay-gradient":""},"tablet":{"background-color":"var(--ast-global-color-5)","background-image":"","background-repeat":"repeat","background-position":"center center","background-size":"auto","background-attachment":"scroll","background-type":"","background-media":"","overlay-type":"","overlay-color":"","overlay-gradient":""},"mobile":{"background-color":"var(--ast-global-color-5)","background-image":"","background-repeat":"repeat","background-position":"center center","background-size":"auto","background-attachment":"scroll","background-type":"","background-media":"","overlay-type":"","overlay-color":"","overlay-gradient":""}},"footnotes":""},"class_list":["post-148","page","type-page","status-publish","hentry"],"yoast_head":"<!-- This site is optimized with the Yoast SEO plugin v22.0 - https:\/\/yoast.com\/wordpress\/plugins\/seo\/ -->\n<title>EVENTOS - ASOCIACI\u00d3N M\u00c9DICA DE JALISCO, COLEGIO M\u00c9DICO, A. C.<\/title>\n<meta name=\"robots\" content=\"index, follow, max-snippet:-1, max-image-preview:large, max-video-preview:-1\" \/>\n<link rel=\"canonical\" href=\"https:\/\/amjcmac.org\/?page_id=148\" \/>\n<meta property=\"og:locale\" content=\"es_MX\" \/>\n<meta property=\"og:type\" content=\"article\" \/>\n<meta property=\"og:title\" content=\"EVENTOS - ASOCIACI\u00d3N M\u00c9DICA DE JALISCO, COLEGIO M\u00c9DICO, A. C.\" \/>\n<meta property=\"og:description\" content=\"2do. CONGRESO MULTIDISCIPLINARIO SOBRE DIABETES MELLITUS 2024-03-01 Calle Gral. Eulogio Parra 2539, Lomas de Guevara, Guadalajara, Jal. 2do. CONGRESO MULTIDISCIPLINARIO SOBRE DIABETES MELLITUS &#8211; Copy 2024-03-01 Calle Gral. Eulogio Parra &hellip; 2do. CONGRESO MULTIDISCIPLINARIO SOBRE DIABETES MELLITUS &#8211; Copy Leer m\u00e1s &raquo;\" \/>\n<meta property=\"og:url\" content=\"https:\/\/amjcmac.org\/?page_id=148\" \/>\n<meta property=\"og:site_name\" content=\"ASOCIACI\u00d3N M\u00c9DICA DE JALISCO, COLEGIO M\u00c9DICO, A. C.\" \/>\n<meta property=\"article:modified_time\" content=\"2025-11-15T07:16:15+00:00\" \/>\n<meta property=\"og:image\" content=\"https:\/\/amjcmac.org\/wp-content\/uploads\/elementor\/thumbs\/Posada-navidena-reqcvqend33ourh0moi3itwu9p8vsqwvssbij3kf48.png\" \/>\n<meta name=\"twitter:card\" content=\"summary_large_image\" \/>\n<meta name=\"twitter:label1\" content=\"Tiempo de lectura\" \/>\n\t<meta name=\"twitter:data1\" content=\"1 minuto\" \/>\n<script type=\"application\/ld+json\" class=\"yoast-schema-graph\">{\"@context\":\"https:\/\/schema.org\",\"@graph\":[{\"@type\":\"WebPage\",\"@id\":\"https:\/\/amjcmac.org\/?page_id=148\",\"url\":\"https:\/\/amjcmac.org\/?page_id=148\",\"name\":\"EVENTOS - ASOCIACI\u00d3N M\u00c9DICA DE JALISCO, COLEGIO M\u00c9DICO, A. C.\",\"isPartOf\":{\"@id\":\"https:\/\/amjcmac.org\/#website\"},\"datePublished\":\"2024-01-12T16:56:09+00:00\",\"dateModified\":\"2025-11-15T07:16:15+00:00\",\"breadcrumb\":{\"@id\":\"https:\/\/amjcmac.org\/?page_id=148#breadcrumb\"},\"inLanguage\":\"es\",\"potentialAction\":[{\"@type\":\"ReadAction\",\"target\":[\"https:\/\/amjcmac.org\/?page_id=148\"]}]},{\"@type\":\"BreadcrumbList\",\"@id\":\"https:\/\/amjcmac.org\/?page_id=148#breadcrumb\",\"itemListElement\":[{\"@type\":\"ListItem\",\"position\":1,\"name\":\"Home\",\"item\":\"https:\/\/amjcmac.org\/\"},{\"@type\":\"ListItem\",\"position\":2,\"name\":\"EVENTOS\"}]},{\"@type\":\"WebSite\",\"@id\":\"https:\/\/amjcmac.org\/#website\",\"url\":\"https:\/\/amjcmac.org\/\",\"name\":\"ASOCIACI\u00d3N M\u00c9DICA DE JALISCO, COLEGIO M\u00c9DICO, A. C.\",\"description\":\"\",\"publisher\":{\"@id\":\"https:\/\/amjcmac.org\/#organization\"},\"potentialAction\":[{\"@type\":\"SearchAction\",\"target\":{\"@type\":\"EntryPoint\",\"urlTemplate\":\"https:\/\/amjcmac.org\/?s={search_term_string}\"},\"query-input\":\"required name=search_term_string\"}],\"inLanguage\":\"es\"},{\"@type\":\"Organization\",\"@id\":\"https:\/\/amjcmac.org\/#organization\",\"name\":\"ASOCIACI\u00d3N M\u00c9DICA DE JALISCO, COLEGIO M\u00c9DICO, A. C.\",\"url\":\"https:\/\/amjcmac.org\/\",\"logo\":{\"@type\":\"ImageObject\",\"inLanguage\":\"es\",\"@id\":\"https:\/\/amjcmac.org\/#\/schema\/logo\/image\/\",\"url\":\"https:\/\/amjcmac.org\/wp-content\/uploads\/2023\/10\/Logo-AMJ-1-e1699405036427.png\",\"contentUrl\":\"https:\/\/amjcmac.org\/wp-content\/uploads\/2023\/10\/Logo-AMJ-1-e1699405036427.png\",\"width\":120,\"height\":43,\"caption\":\"ASOCIACI\u00d3N M\u00c9DICA DE JALISCO, COLEGIO M\u00c9DICO, A. C.\"},\"image\":{\"@id\":\"https:\/\/amjcmac.org\/#\/schema\/logo\/image\/\"}}]}<\/script>\n<!-- \/ Yoast SEO plugin. -->","yoast_head_json":{"title":"EVENTOS - ASOCIACI\u00d3N M\u00c9DICA DE JALISCO, COLEGIO M\u00c9DICO, A. C.","robots":{"index":"index","follow":"follow","max-snippet":"max-snippet:-1","max-image-preview":"max-image-preview:large","max-video-preview":"max-video-preview:-1"},"canonical":"https:\/\/amjcmac.org\/?page_id=148","og_locale":"es_MX","og_type":"article","og_title":"EVENTOS - ASOCIACI\u00d3N M\u00c9DICA DE JALISCO, COLEGIO M\u00c9DICO, A. C.","og_description":"2do. CONGRESO MULTIDISCIPLINARIO SOBRE DIABETES MELLITUS 2024-03-01 Calle Gral. Eulogio Parra 2539, Lomas de Guevara, Guadalajara, Jal. 2do. CONGRESO MULTIDISCIPLINARIO SOBRE DIABETES MELLITUS &#8211; Copy 2024-03-01 Calle Gral. Eulogio Parra &hellip; 2do. CONGRESO MULTIDISCIPLINARIO SOBRE DIABETES MELLITUS &#8211; Copy Leer m\u00e1s &raquo;","og_url":"https:\/\/amjcmac.org\/?page_id=148","og_site_name":"ASOCIACI\u00d3N M\u00c9DICA DE JALISCO, COLEGIO M\u00c9DICO, A. C.","article_modified_time":"2025-11-15T07:16:15+00:00","og_image":[{"url":"https:\/\/amjcmac.org\/wp-content\/uploads\/elementor\/thumbs\/Posada-navidena-reqcvqend33ourh0moi3itwu9p8vsqwvssbij3kf48.png"}],"twitter_card":"summary_large_image","twitter_misc":{"Tiempo de lectura":"1 minuto"},"schema":{"@context":"https:\/\/schema.org","@graph":[{"@type":"WebPage","@id":"https:\/\/amjcmac.org\/?page_id=148","url":"https:\/\/amjcmac.org\/?page_id=148","name":"EVENTOS - ASOCIACI\u00d3N M\u00c9DICA DE JALISCO, COLEGIO M\u00c9DICO, A. C.","isPartOf":{"@id":"https:\/\/amjcmac.org\/#website"},"datePublished":"2024-01-12T16:56:09+00:00","dateModified":"2025-11-15T07:16:15+00:00","breadcrumb":{"@id":"https:\/\/amjcmac.org\/?page_id=148#breadcrumb"},"inLanguage":"es","potentialAction":[{"@type":"ReadAction","target":["https:\/\/amjcmac.org\/?page_id=148"]}]},{"@type":"BreadcrumbList","@id":"https:\/\/amjcmac.org\/?page_id=148#breadcrumb","itemListElement":[{"@type":"ListItem","position":1,"name":"Home","item":"https:\/\/amjcmac.org\/"},{"@type":"ListItem","position":2,"name":"EVENTOS"}]},{"@type":"WebSite","@id":"https:\/\/amjcmac.org\/#website","url":"https:\/\/amjcmac.org\/","name":"ASOCIACI\u00d3N M\u00c9DICA DE JALISCO, COLEGIO M\u00c9DICO, A. C.","description":"","publisher":{"@id":"https:\/\/amjcmac.org\/#organization"},"potentialAction":[{"@type":"SearchAction","target":{"@type":"EntryPoint","urlTemplate":"https:\/\/amjcmac.org\/?s={search_term_string}"},"query-input":"required name=search_term_string"}],"inLanguage":"es"},{"@type":"Organization","@id":"https:\/\/amjcmac.org\/#organization","name":"ASOCIACI\u00d3N M\u00c9DICA DE JALISCO, COLEGIO M\u00c9DICO, A. C.","url":"https:\/\/amjcmac.org\/","logo":{"@type":"ImageObject","inLanguage":"es","@id":"https:\/\/amjcmac.org\/#\/schema\/logo\/image\/","url":"https:\/\/amjcmac.org\/wp-content\/uploads\/2023\/10\/Logo-AMJ-1-e1699405036427.png","contentUrl":"https:\/\/amjcmac.org\/wp-content\/uploads\/2023\/10\/Logo-AMJ-1-e1699405036427.png","width":120,"height":43,"caption":"ASOCIACI\u00d3N M\u00c9DICA DE JALISCO, COLEGIO M\u00c9DICO, A. C."},"image":{"@id":"https:\/\/amjcmac.org\/#\/schema\/logo\/image\/"}}]}},"_links":{"self":[{"href":"https:\/\/amjcmac.org\/index.php?rest_route=\/wp\/v2\/pages\/148","targetHints":{"allow":["GET"]}}],"collection":[{"href":"https:\/\/amjcmac.org\/index.php?rest_route=\/wp\/v2\/pages"}],"about":[{"href":"https:\/\/amjcmac.org\/index.php?rest_route=\/wp\/v2\/types\/page"}],"author":[{"embeddable":true,"href":"https:\/\/amjcmac.org\/index.php?rest_route=\/wp\/v2\/users\/1"}],"replies":[{"embeddable":true,"href":"https:\/\/amjcmac.org\/index.php?rest_route=%2Fwp%2Fv2%2Fcomments&post=148"}],"version-history":[{"count":32,"href":"https:\/\/amjcmac.org\/index.php?rest_route=\/wp\/v2\/pages\/148\/revisions"}],"predecessor-version":[{"id":1036,"href":"https:\/\/amjcmac.org\/index.php?rest_route=\/wp\/v2\/pages\/148\/revisions\/1036"}],"wp:attachment":[{"href":"https:\/\/amjcmac.org\/index.php?rest_route=%2Fwp%2Fv2%2Fmedia&parent=148"}],"curies":[{"name":"wp","href":"https:\/\/api.w.org\/{rel}","templated":true}]}}