{"id":120,"date":"2023-11-08T01:37:14","date_gmt":"2023-11-08T01:37:14","guid":{"rendered":"https:\/\/amjcmac.org\/?page_id=120"},"modified":"2025-11-04T19:53:39","modified_gmt":"2025-11-04T19:53:39","slug":"acerca-de","status":"publish","type":"page","link":"https:\/\/amjcmac.org\/?page_id=120","title":{"rendered":"ACERCA DE"},"content":{"rendered":"<p><img fetchpriority=\"high\" decoding=\"async\" width=\"1024\" height=\"768\" src=\"https:\/\/amjcmac.org\/wp-content\/uploads\/2023\/10\/20230918_102936-1024x768.jpg\" alt=\"\" srcset=\"https:\/\/amjcmac.org\/wp-content\/uploads\/2023\/10\/20230918_102936-1024x768.jpg 1024w, https:\/\/amjcmac.org\/wp-content\/uploads\/2023\/10\/20230918_102936-300x225.jpg 300w, https:\/\/amjcmac.org\/wp-content\/uploads\/2023\/10\/20230918_102936-768x576.jpg 768w, https:\/\/amjcmac.org\/wp-content\/uploads\/2023\/10\/20230918_102936-1536x1152.jpg 1536w, https:\/\/amjcmac.org\/wp-content\/uploads\/2023\/10\/20230918_102936-2048x1536.jpg 2048w\" sizes=\"(max-width: 1024px) 100vw, 1024px\" \/><\/p>\n","protected":false},"excerpt":{"rendered":"","protected":false},"author":1,"featured_media":0,"parent":0,"menu_order":0,"comment_status":"closed","ping_status":"closed","template":"","meta":{"_eb_attr":"","site-sidebar-layout":"no-sidebar","site-content-layout":"","ast-site-content-layout":"full-width-container","site-content-style":"default","site-sidebar-style":"default","ast-global-header-display":"","ast-banner-title-visibility":"","ast-main-header-display":"","ast-hfb-above-header-display":"","ast-hfb-below-header-display":"","ast-hfb-mobile-header-display":"","site-post-title":"disabled","ast-breadcrumbs-content":"","ast-featured-img":"disabled","footer-sml-layout":"","theme-transparent-header-meta":"","adv-header-id-meta":"","stick-header-meta":"","header-above-stick-meta":"","header-main-stick-meta":"","header-below-stick-meta":"","astra-migrate-meta-layouts":"","ast-page-background-enabled":"default","ast-page-background-meta":{"desktop":{"background-color":"var(--ast-global-color-4)","background-image":"","background-repeat":"repeat","background-position":"center center","background-size":"auto","background-attachment":"scroll","background-type":"","background-media":"","overlay-type":"","overlay-color":"","overlay-gradient":""},"tablet":{"background-color":"","background-image":"","background-repeat":"repeat","background-position":"center center","background-size":"auto","background-attachment":"scroll","background-type":"","background-media":"","overlay-type":"","overlay-color":"","overlay-gradient":""},"mobile":{"background-color":"","background-image":"","background-repeat":"repeat","background-position":"center center","background-size":"auto","background-attachment":"scroll","background-type":"","background-media":"","overlay-type":"","overlay-color":"","overlay-gradient":""}},"ast-content-background-meta":{"desktop":{"background-color":"var(--ast-global-color-5)","background-image":"","background-repeat":"repeat","background-position":"center center","background-size":"auto","background-attachment":"scroll","background-type":"","background-media":"","overlay-type":"","overlay-color":"","overlay-gradient":""},"tablet":{"background-color":"var(--ast-global-color-5)","background-image":"","background-repeat":"repeat","background-position":"center center","background-size":"auto","background-attachment":"scroll","background-type":"","background-media":"","overlay-type":"","overlay-color":"","overlay-gradient":""},"mobile":{"background-color":"var(--ast-global-color-5)","background-image":"","background-repeat":"repeat","background-position":"center center","background-size":"auto","background-attachment":"scroll","background-type":"","background-media":"","overlay-type":"","overlay-color":"","overlay-gradient":""}},"footnotes":""},"class_list":["post-120","page","type-page","status-publish","hentry"],"yoast_head":"<!-- This site is optimized with the Yoast SEO plugin v22.0 - https:\/\/yoast.com\/wordpress\/plugins\/seo\/ -->\n<title>ACERCA DE - ASOCIACI\u00d3N M\u00c9DICA DE JALISCO, COLEGIO M\u00c9DICO, A. C.<\/title>\n<meta name=\"robots\" content=\"index, follow, max-snippet:-1, max-image-preview:large, max-video-preview:-1\" \/>\n<link rel=\"canonical\" href=\"https:\/\/amjcmac.org\/?page_id=120\" \/>\n<meta property=\"og:locale\" content=\"es_MX\" \/>\n<meta property=\"og:type\" content=\"article\" \/>\n<meta property=\"og:title\" content=\"ACERCA DE - ASOCIACI\u00d3N M\u00c9DICA DE JALISCO, COLEGIO M\u00c9DICO, A. C.\" \/>\n<meta property=\"og:url\" content=\"https:\/\/amjcmac.org\/?page_id=120\" \/>\n<meta property=\"og:site_name\" content=\"ASOCIACI\u00d3N M\u00c9DICA DE JALISCO, COLEGIO M\u00c9DICO, A. C.\" \/>\n<meta property=\"article:modified_time\" content=\"2025-11-04T19:53:39+00:00\" \/>\n<meta property=\"og:image\" content=\"https:\/\/amjcmac.org\/wp-content\/uploads\/2023\/10\/20230918_102936-1024x768.jpg\" \/>\n<meta name=\"twitter:card\" content=\"summary_large_image\" \/>\n<meta name=\"twitter:label1\" content=\"Tiempo de lectura\" \/>\n\t<meta name=\"twitter:data1\" content=\"1 minuto\" \/>\n<script type=\"application\/ld+json\" class=\"yoast-schema-graph\">{\"@context\":\"https:\/\/schema.org\",\"@graph\":[{\"@type\":\"WebPage\",\"@id\":\"https:\/\/amjcmac.org\/?page_id=120\",\"url\":\"https:\/\/amjcmac.org\/?page_id=120\",\"name\":\"ACERCA DE - ASOCIACI\u00d3N M\u00c9DICA DE JALISCO, COLEGIO M\u00c9DICO, A. C.\",\"isPartOf\":{\"@id\":\"https:\/\/amjcmac.org\/#website\"},\"datePublished\":\"2023-11-08T01:37:14+00:00\",\"dateModified\":\"2025-11-04T19:53:39+00:00\",\"breadcrumb\":{\"@id\":\"https:\/\/amjcmac.org\/?page_id=120#breadcrumb\"},\"inLanguage\":\"es\",\"potentialAction\":[{\"@type\":\"ReadAction\",\"target\":[\"https:\/\/amjcmac.org\/?page_id=120\"]}]},{\"@type\":\"BreadcrumbList\",\"@id\":\"https:\/\/amjcmac.org\/?page_id=120#breadcrumb\",\"itemListElement\":[{\"@type\":\"ListItem\",\"position\":1,\"name\":\"Home\",\"item\":\"https:\/\/amjcmac.org\/\"},{\"@type\":\"ListItem\",\"position\":2,\"name\":\"ACERCA DE\"}]},{\"@type\":\"WebSite\",\"@id\":\"https:\/\/amjcmac.org\/#website\",\"url\":\"https:\/\/amjcmac.org\/\",\"name\":\"ASOCIACI\u00d3N M\u00c9DICA DE JALISCO, COLEGIO M\u00c9DICO, A. C.\",\"description\":\"\",\"publisher\":{\"@id\":\"https:\/\/amjcmac.org\/#organization\"},\"potentialAction\":[{\"@type\":\"SearchAction\",\"target\":{\"@type\":\"EntryPoint\",\"urlTemplate\":\"https:\/\/amjcmac.org\/?s={search_term_string}\"},\"query-input\":\"required name=search_term_string\"}],\"inLanguage\":\"es\"},{\"@type\":\"Organization\",\"@id\":\"https:\/\/amjcmac.org\/#organization\",\"name\":\"ASOCIACI\u00d3N M\u00c9DICA DE JALISCO, COLEGIO M\u00c9DICO, A. C.\",\"url\":\"https:\/\/amjcmac.org\/\",\"logo\":{\"@type\":\"ImageObject\",\"inLanguage\":\"es\",\"@id\":\"https:\/\/amjcmac.org\/#\/schema\/logo\/image\/\",\"url\":\"https:\/\/amjcmac.org\/wp-content\/uploads\/2023\/10\/Logo-AMJ-1-e1699405036427.png\",\"contentUrl\":\"https:\/\/amjcmac.org\/wp-content\/uploads\/2023\/10\/Logo-AMJ-1-e1699405036427.png\",\"width\":120,\"height\":43,\"caption\":\"ASOCIACI\u00d3N M\u00c9DICA DE JALISCO, COLEGIO M\u00c9DICO, A. C.\"},\"image\":{\"@id\":\"https:\/\/amjcmac.org\/#\/schema\/logo\/image\/\"}}]}<\/script>\n<!-- \/ Yoast SEO plugin. -->","yoast_head_json":{"title":"ACERCA DE - ASOCIACI\u00d3N M\u00c9DICA DE JALISCO, COLEGIO M\u00c9DICO, A. C.","robots":{"index":"index","follow":"follow","max-snippet":"max-snippet:-1","max-image-preview":"max-image-preview:large","max-video-preview":"max-video-preview:-1"},"canonical":"https:\/\/amjcmac.org\/?page_id=120","og_locale":"es_MX","og_type":"article","og_title":"ACERCA DE - ASOCIACI\u00d3N M\u00c9DICA DE JALISCO, COLEGIO M\u00c9DICO, A. C.","og_url":"https:\/\/amjcmac.org\/?page_id=120","og_site_name":"ASOCIACI\u00d3N M\u00c9DICA DE JALISCO, COLEGIO M\u00c9DICO, A. C.","article_modified_time":"2025-11-04T19:53:39+00:00","og_image":[{"url":"https:\/\/amjcmac.org\/wp-content\/uploads\/2023\/10\/20230918_102936-1024x768.jpg"}],"twitter_card":"summary_large_image","twitter_misc":{"Tiempo de lectura":"1 minuto"},"schema":{"@context":"https:\/\/schema.org","@graph":[{"@type":"WebPage","@id":"https:\/\/amjcmac.org\/?page_id=120","url":"https:\/\/amjcmac.org\/?page_id=120","name":"ACERCA DE - ASOCIACI\u00d3N M\u00c9DICA DE JALISCO, COLEGIO M\u00c9DICO, A. C.","isPartOf":{"@id":"https:\/\/amjcmac.org\/#website"},"datePublished":"2023-11-08T01:37:14+00:00","dateModified":"2025-11-04T19:53:39+00:00","breadcrumb":{"@id":"https:\/\/amjcmac.org\/?page_id=120#breadcrumb"},"inLanguage":"es","potentialAction":[{"@type":"ReadAction","target":["https:\/\/amjcmac.org\/?page_id=120"]}]},{"@type":"BreadcrumbList","@id":"https:\/\/amjcmac.org\/?page_id=120#breadcrumb","itemListElement":[{"@type":"ListItem","position":1,"name":"Home","item":"https:\/\/amjcmac.org\/"},{"@type":"ListItem","position":2,"name":"ACERCA DE"}]},{"@type":"WebSite","@id":"https:\/\/amjcmac.org\/#website","url":"https:\/\/amjcmac.org\/","name":"ASOCIACI\u00d3N M\u00c9DICA DE JALISCO, COLEGIO M\u00c9DICO, A. C.","description":"","publisher":{"@id":"https:\/\/amjcmac.org\/#organization"},"potentialAction":[{"@type":"SearchAction","target":{"@type":"EntryPoint","urlTemplate":"https:\/\/amjcmac.org\/?s={search_term_string}"},"query-input":"required name=search_term_string"}],"inLanguage":"es"},{"@type":"Organization","@id":"https:\/\/amjcmac.org\/#organization","name":"ASOCIACI\u00d3N M\u00c9DICA DE JALISCO, COLEGIO M\u00c9DICO, A. C.","url":"https:\/\/amjcmac.org\/","logo":{"@type":"ImageObject","inLanguage":"es","@id":"https:\/\/amjcmac.org\/#\/schema\/logo\/image\/","url":"https:\/\/amjcmac.org\/wp-content\/uploads\/2023\/10\/Logo-AMJ-1-e1699405036427.png","contentUrl":"https:\/\/amjcmac.org\/wp-content\/uploads\/2023\/10\/Logo-AMJ-1-e1699405036427.png","width":120,"height":43,"caption":"ASOCIACI\u00d3N M\u00c9DICA DE JALISCO, COLEGIO M\u00c9DICO, A. C."},"image":{"@id":"https:\/\/amjcmac.org\/#\/schema\/logo\/image\/"}}]}},"_links":{"self":[{"href":"https:\/\/amjcmac.org\/index.php?rest_route=\/wp\/v2\/pages\/120","targetHints":{"allow":["GET"]}}],"collection":[{"href":"https:\/\/amjcmac.org\/index.php?rest_route=\/wp\/v2\/pages"}],"about":[{"href":"https:\/\/amjcmac.org\/index.php?rest_route=\/wp\/v2\/types\/page"}],"author":[{"embeddable":true,"href":"https:\/\/amjcmac.org\/index.php?rest_route=\/wp\/v2\/users\/1"}],"replies":[{"embeddable":true,"href":"https:\/\/amjcmac.org\/index.php?rest_route=%2Fwp%2Fv2%2Fcomments&post=120"}],"version-history":[{"count":18,"href":"https:\/\/amjcmac.org\/index.php?rest_route=\/wp\/v2\/pages\/120\/revisions"}],"predecessor-version":[{"id":490,"href":"https:\/\/amjcmac.org\/index.php?rest_route=\/wp\/v2\/pages\/120\/revisions\/490"}],"wp:attachment":[{"href":"https:\/\/amjcmac.org\/index.php?rest_route=%2Fwp%2Fv2%2Fmedia&parent=120"}],"curies":[{"name":"wp","href":"https:\/\/api.w.org\/{rel}","templated":true}]}}